{"id":961,"date":"2023-11-02T07:42:54","date_gmt":"2023-11-02T10:42:54","guid":{"rendered":"https:\/\/doshasemporio.com.br\/?post_type=product&#038;p=961"},"modified":"2026-03-19T17:12:58","modified_gmt":"2026-03-19T20:12:58","slug":"ashoka","status":"publish","type":"product","link":"https:\/\/doshasemporio.com.br\/index.php\/produto\/ashoka\/","title":{"rendered":"Ashoka indiana em p\u00f3 100g"},"content":{"rendered":"<p><strong>ASHOKA &#8211; (SARACA INDICA)<\/strong><\/p>\n<p><strong><em>Uma das mais importantes ervas para dist\u00farbios do sistema reprodutor feminino.<\/em><\/strong> Ashoka \u00e9 um excelente t\u00f4nico para o \u00fatero, particularmente para reduzir o sangramento abundante.<\/p>\n<p>Como ela fortalece os m\u00fasculos uterinos e elimina a congest\u00e3o, \u00e9 boa para prolapso, para regras dolorosas e irregulares, fibroides, cistos e ainda para a endometriose.<\/p>\n<p>\u00c9 ben\u00e9fica em casos de problemas nervosos do tipo Vata, acalmando a ansiedade, a inquieta\u00e7\u00e3o e tamb\u00e9m aliviando a dor e a ins\u00f4nia.<\/p>\n<p>Tonifica o revestimento intestinal, protegendo contra as inflama\u00e7\u00f5es e as infec\u00e7\u00f5es.<\/p>\n<p>Ashoka alivia a indigest\u00e3o, gastrite, colite, \u00falceras p\u00e9pticas, hemorroidas, diarreia e vermes.<\/p>\n<p>Como diur\u00e9tico ainda reduz a reten\u00e7\u00e3o de l\u00edquidos.<\/p>\n<p>\u00c9 considerada a rainha das ervas femininas.<br \/>\nSua tradu\u00e7\u00e3o \u00e9 <em>&#8220;Removedor de tristezas&#8221;<\/em><\/p>\n<ul>\n<li>Importante erva para a sa\u00fade menstrual.<\/li>\n<li>Promove um fluxo mensal saud\u00e1vel e confort\u00e1vel.<\/li>\n<li>Trata endometriose, fibroides e cistos pois \u00e9 secativa de tecidos.<\/li>\n<li>Alivia a dor, ardor e incha\u00e7o de menstrua\u00e7\u00f5es dolorosas e dif\u00edceis.<\/li>\n<li>Tonifica o revestimento intestinal e o \u00fatero e protege contra irrita\u00e7\u00f5es e inflama\u00e7\u00f5es.<\/li>\n<li>Reduz o sangramento abundante.<\/li>\n<li>Alivia gastrite, colite, \u00falceras, hemorroidas, diarreia e vermes.<\/li>\n<li>Reduz a reten\u00e7\u00e3o de l\u00edquido.<\/li>\n<li>Alivia os sintomas de cistite.<\/li>\n<\/ul>\n<p><strong>PARTE USADA:<\/strong> casca.<\/p>\n<p><strong>QUALIDADE:<\/strong> leve, seca.<\/p>\n<p><strong>SABOR<\/strong>: amarga, adstringente.<\/p>\n<p><strong>POT\u00caNCIA:<\/strong> fria.<\/p>\n<p><strong>P\u00d3S-DIGESTIVO:<\/strong> picante.<\/p>\n<p><strong>DOSHA:<\/strong>\u00a0 reduz Kapha\/ Pitta\u00a0 (em excesso aumenta Vata)<\/p>\n<p><strong>DHATU:<\/strong>\u00a0 sangue, m\u00fasculo, gordura, reprodutivo.<\/p>\n<p><strong>SROTA:<\/strong> sistema reprodutor feminino e respirat\u00f3rio.<\/p>\n<p><strong>Advert\u00eancias:<\/strong> de 1g a 9g di\u00e1rias do p\u00f3.<\/p>\n<p><em>&gt;&gt;Caso precise de orienta\u00e7\u00f5es quanto ao uso espec\u00edfico deste produto, ou quer otimizar seus efeitos com outras pr\u00e1ticas sugeridas do Ayurveda, agende uma consulta on-line:<\/em><\/p>\n<p>SAIBA MAIS SOBRE A\u00a0CONSULTA <a href=\"https:\/\/danipetrela.wordpress.com\/contato\/\"><strong>CLICANDO AQUI<\/strong><\/a><\/p>\n<p>&nbsp;<\/p>\n<p><img fetchpriority=\"high\" decoding=\"async\" class=\"alignnone size-medium wp-image-2301\" src=\"http:\/\/doshasemporio.com.br\/wp-content\/uploads\/2023\/11\/Personal-fitness-trainer-for-women-Post-para-Instagram-1-300x300.png\" alt=\"\" width=\"300\" height=\"300\" srcset=\"https:\/\/doshasemporio.com.br\/wp-content\/uploads\/2023\/11\/Personal-fitness-trainer-for-women-Post-para-Instagram-1-300x300.png 300w, https:\/\/doshasemporio.com.br\/wp-content\/uploads\/2023\/11\/Personal-fitness-trainer-for-women-Post-para-Instagram-1-1024x1024.png 1024w, https:\/\/doshasemporio.com.br\/wp-content\/uploads\/2023\/11\/Personal-fitness-trainer-for-women-Post-para-Instagram-1-150x150.png 150w, https:\/\/doshasemporio.com.br\/wp-content\/uploads\/2023\/11\/Personal-fitness-trainer-for-women-Post-para-Instagram-1-768x768.png 768w, https:\/\/doshasemporio.com.br\/wp-content\/uploads\/2023\/11\/Personal-fitness-trainer-for-women-Post-para-Instagram-1-600x600.png 600w, https:\/\/doshasemporio.com.br\/wp-content\/uploads\/2023\/11\/Personal-fitness-trainer-for-women-Post-para-Instagram-1-100x100.png 100w, https:\/\/doshasemporio.com.br\/wp-content\/uploads\/2023\/11\/Personal-fitness-trainer-for-women-Post-para-Instagram-1.png 1080w\" sizes=\"(max-width: 300px) 100vw, 300px\" \/><\/p>\n","protected":false},"excerpt":{"rendered":"<p>ASHOKA &#8211; (SARACA INDICA) Uma das mais importantes ervas para dist\u00farbios do sistema reprodutor feminino. Ashoka \u00e9 um excelente t\u00f4nico para o \u00fatero, particularmente para reduzir o sangramento abundante. Como ela fortalece os m\u00fasculos uterinos e elimina a congest\u00e3o, \u00e9 boa para prolapso, para regras dolorosas e irregulares, fibroides, cistos e ainda para a endometriose. [&hellip;]<\/p>\n","protected":false},"featured_media":3111,"comment_status":"open","ping_status":"closed","template":"","meta":{"site-sidebar-layout":"default","site-content-layout":"","ast-site-content-layout":"default","site-content-style":"default","site-sidebar-style":"default","ast-global-header-display":"","ast-banner-title-visibility":"","ast-main-header-display":"","ast-hfb-above-header-display":"","ast-hfb-below-header-display":"","ast-hfb-mobile-header-display":"","site-post-title":"","ast-breadcrumbs-content":"","ast-featured-img":"","footer-sml-layout":"","theme-transparent-header-meta":"default","adv-header-id-meta":"","stick-header-meta":"","header-above-stick-meta":"","header-main-stick-meta":"","header-below-stick-meta":"","astra-migrate-meta-layouts":"set","ast-page-background-enabled":"default","ast-page-background-meta":{"desktop":{"background-color":"","background-image":"","background-repeat":"repeat","background-position":"center center","background-size":"auto","background-attachment":"scroll","background-type":"","background-media":"","overlay-type":"","overlay-color":"","overlay-opacity":"","overlay-gradient":""},"tablet":{"background-color":"","background-image":"","background-repeat":"repeat","background-position":"center center","background-size":"auto","background-attachment":"scroll","background-type":"","background-media":"","overlay-type":"","overlay-color":"","overlay-opacity":"","overlay-gradient":""},"mobile":{"background-color":"","background-image":"","background-repeat":"repeat","background-position":"center center","background-size":"auto","background-attachment":"scroll","background-type":"","background-media":"","overlay-type":"","overlay-color":"","overlay-opacity":"","overlay-gradient":""}},"ast-content-background-meta":{"desktop":{"background-color":"var(--ast-global-color-5)","background-image":"","background-repeat":"repeat","background-position":"center center","background-size":"auto","background-attachment":"scroll","background-type":"","background-media":"","overlay-type":"","overlay-color":"","overlay-opacity":"","overlay-gradient":""},"tablet":{"background-color":"var(--ast-global-color-5)","background-image":"","background-repeat":"repeat","background-position":"center center","background-size":"auto","background-attachment":"scroll","background-type":"","background-media":"","overlay-type":"","overlay-color":"","overlay-opacity":"","overlay-gradient":""},"mobile":{"background-color":"var(--ast-global-color-5)","background-image":"","background-repeat":"repeat","background-position":"center center","background-size":"auto","background-attachment":"scroll","background-type":"","background-media":"","overlay-type":"","overlay-color":"","overlay-opacity":"","overlay-gradient":""}}},"product_brand":[],"product_cat":[17],"product_tag":[],"class_list":{"0":"post-961","1":"product","2":"type-product","3":"status-publish","4":"has-post-thumbnail","6":"product_cat-linha-de-chas-especiarias-e-massalas","7":"desktop-align-left","8":"tablet-align-left","9":"mobile-align-center","10":"ast-product-gallery-layout-horizontal-slider","11":"ast-product-tabs-layout-horizontal","13":"first","14":"instock","15":"shipping-taxable","16":"purchasable","17":"product-type-simple"},"_links":{"self":[{"href":"https:\/\/doshasemporio.com.br\/index.php\/wp-json\/wp\/v2\/product\/961","targetHints":{"allow":["GET"]}}],"collection":[{"href":"https:\/\/doshasemporio.com.br\/index.php\/wp-json\/wp\/v2\/product"}],"about":[{"href":"https:\/\/doshasemporio.com.br\/index.php\/wp-json\/wp\/v2\/types\/product"}],"replies":[{"embeddable":true,"href":"https:\/\/doshasemporio.com.br\/index.php\/wp-json\/wp\/v2\/comments?post=961"}],"wp:featuredmedia":[{"embeddable":true,"href":"https:\/\/doshasemporio.com.br\/index.php\/wp-json\/wp\/v2\/media\/3111"}],"wp:attachment":[{"href":"https:\/\/doshasemporio.com.br\/index.php\/wp-json\/wp\/v2\/media?parent=961"}],"wp:term":[{"taxonomy":"product_brand","embeddable":true,"href":"https:\/\/doshasemporio.com.br\/index.php\/wp-json\/wp\/v2\/product_brand?post=961"},{"taxonomy":"product_cat","embeddable":true,"href":"https:\/\/doshasemporio.com.br\/index.php\/wp-json\/wp\/v2\/product_cat?post=961"},{"taxonomy":"product_tag","embeddable":true,"href":"https:\/\/doshasemporio.com.br\/index.php\/wp-json\/wp\/v2\/product_tag?post=961"}],"curies":[{"name":"wp","href":"https:\/\/api.w.org\/{rel}","templated":true}]}}