{"id":955,"date":"2023-11-02T07:18:22","date_gmt":"2023-11-02T10:18:22","guid":{"rendered":"https:\/\/doshasemporio.com.br\/?post_type=product&#038;p=955"},"modified":"2026-03-14T17:00:27","modified_gmt":"2026-03-14T20:00:27","slug":"shatavari-taila","status":"publish","type":"product","link":"https:\/\/doshasemporio.com.br\/index.php\/produto\/shatavari-taila\/","title":{"rendered":"Kit Shatavari Fitorerapia em p\u00f3 + Shatavari taila"},"content":{"rendered":"<p>Tamb\u00e9m conhecida como \u201cCuradora de cem doen\u00e7as\u201d ou \u201cAquela que possui cem maridos\u201d<\/p>\n<p>Benef\u00edcios da fitoterapia em p\u00f3:<\/p>\n<ul>\n<li>Auxilia com os sintomas da menopausa, melhorando a qualidade do sono, das altera\u00e7\u00f5es de humor, da falta de concentra\u00e7\u00e3o e da secura generalizada.<\/li>\n<li>\u00c9 conhecida como a rainha das ervas, curadora de cem doen\u00e7as.<\/li>\n<li>Tem sido usada por milhares de anos como afrodis\u00edaco e rejuvenescedora pois promove for\u00e7a, juventude, mem\u00f3ria e intelig\u00eancia.<\/li>\n<li>Auxilia a sa\u00fade da mulher em qualquer fase de sua vida e \u00e9 edificante para o cora\u00e7\u00e3o.<\/li>\n<li>Equilibra os horm\u00f4nios.<\/li>\n<li>Alivia sintomas da TPM.<\/li>\n<li>Aumenta o desejo.<\/li>\n<li>Devolve a umidade aos \u00f3rg\u00e3os sexuais.<\/li>\n<li>Restabelece o equil\u00edbrio quando corpo e mente est\u00e3o exauridos.<\/li>\n<li>Shatavari \u00e9 respeitado por cuidar das mulheres.<\/li>\n<\/ul>\n<p>O \u00f3leo medicado com Shatavari \u00e9 o principal t\u00f4nico da fertilidade e do rejuvenescimento da sa\u00fade feminina.<\/p>\n<p>Aumenta a fertilidade e o desejo, promove for\u00e7a e equilibra os horm\u00f4nios. Devolve aos \u00f3rg\u00e3os sexuais a umidade natural.<\/p>\n<p>Ajuda a tratar os desequil\u00edbrios da menopausa e de menstrua\u00e7\u00f5es dif\u00edceis.<\/p>\n<p>Modo de usar: aque\u00e7a o \u00f3leo em banho-maria e passe com movimentos circulares na regi\u00e3o do \u00fatero.<\/p>\n<p>&nbsp;<\/p>\n<p>&gt;&gt;caso precise de orienta\u00e7\u00f5es quanto ao uso espec\u00edfico deste produto, ou quer otimizar seus efeitos com outras pr\u00e1ticas sugeridas de Ayurveda, <strong>agende uma consulta on-line no campo consultas.<\/strong><\/p>\n","protected":false},"excerpt":{"rendered":"<p>Tamb\u00e9m conhecida como \u201cCuradora de cem doen\u00e7as\u201d ou \u201cAquela que possui cem maridos\u201d Benef\u00edcios da fitoterapia em p\u00f3: Auxilia com os sintomas da menopausa, melhorando a qualidade do sono, das altera\u00e7\u00f5es de humor, da falta de concentra\u00e7\u00e3o e da secura generalizada. \u00c9 conhecida como a rainha das ervas, curadora de cem doen\u00e7as. Tem sido usada [&hellip;]<\/p>\n","protected":false},"featured_media":3101,"comment_status":"open","ping_status":"closed","template":"","meta":{"site-sidebar-layout":"default","site-content-layout":"","ast-site-content-layout":"default","site-content-style":"default","site-sidebar-style":"default","ast-global-header-display":"","ast-banner-title-visibility":"","ast-main-header-display":"","ast-hfb-above-header-display":"","ast-hfb-below-header-display":"","ast-hfb-mobile-header-display":"","site-post-title":"","ast-breadcrumbs-content":"","ast-featured-img":"","footer-sml-layout":"","theme-transparent-header-meta":"default","adv-header-id-meta":"","stick-header-meta":"","header-above-stick-meta":"","header-main-stick-meta":"","header-below-stick-meta":"","astra-migrate-meta-layouts":"set","ast-page-background-enabled":"default","ast-page-background-meta":{"desktop":{"background-color":"","background-image":"","background-repeat":"repeat","background-position":"center center","background-size":"auto","background-attachment":"scroll","background-type":"","background-media":"","overlay-type":"","overlay-color":"","overlay-opacity":"","overlay-gradient":""},"tablet":{"background-color":"","background-image":"","background-repeat":"repeat","background-position":"center center","background-size":"auto","background-attachment":"scroll","background-type":"","background-media":"","overlay-type":"","overlay-color":"","overlay-opacity":"","overlay-gradient":""},"mobile":{"background-color":"","background-image":"","background-repeat":"repeat","background-position":"center center","background-size":"auto","background-attachment":"scroll","background-type":"","background-media":"","overlay-type":"","overlay-color":"","overlay-opacity":"","overlay-gradient":""}},"ast-content-background-meta":{"desktop":{"background-color":"var(--ast-global-color-5)","background-image":"","background-repeat":"repeat","background-position":"center center","background-size":"auto","background-attachment":"scroll","background-type":"","background-media":"","overlay-type":"","overlay-color":"","overlay-opacity":"","overlay-gradient":""},"tablet":{"background-color":"var(--ast-global-color-5)","background-image":"","background-repeat":"repeat","background-position":"center center","background-size":"auto","background-attachment":"scroll","background-type":"","background-media":"","overlay-type":"","overlay-color":"","overlay-opacity":"","overlay-gradient":""},"mobile":{"background-color":"var(--ast-global-color-5)","background-image":"","background-repeat":"repeat","background-position":"center center","background-size":"auto","background-attachment":"scroll","background-type":"","background-media":"","overlay-type":"","overlay-color":"","overlay-opacity":"","overlay-gradient":""}}},"product_brand":[],"product_cat":[19,17],"product_tag":[],"class_list":{"0":"post-955","1":"product","2":"type-product","3":"status-publish","4":"has-post-thumbnail","6":"product_cat-auto-cuidado-feminino","7":"product_cat-linha-de-chas-especiarias-e-massalas","8":"desktop-align-left","9":"tablet-align-left","10":"mobile-align-center","11":"ast-product-gallery-layout-horizontal-slider","12":"ast-product-tabs-layout-horizontal","14":"first","15":"instock","16":"sale","17":"shipping-taxable","18":"purchasable","19":"product-type-simple"},"_links":{"self":[{"href":"https:\/\/doshasemporio.com.br\/index.php\/wp-json\/wp\/v2\/product\/955","targetHints":{"allow":["GET"]}}],"collection":[{"href":"https:\/\/doshasemporio.com.br\/index.php\/wp-json\/wp\/v2\/product"}],"about":[{"href":"https:\/\/doshasemporio.com.br\/index.php\/wp-json\/wp\/v2\/types\/product"}],"replies":[{"embeddable":true,"href":"https:\/\/doshasemporio.com.br\/index.php\/wp-json\/wp\/v2\/comments?post=955"}],"wp:featuredmedia":[{"embeddable":true,"href":"https:\/\/doshasemporio.com.br\/index.php\/wp-json\/wp\/v2\/media\/3101"}],"wp:attachment":[{"href":"https:\/\/doshasemporio.com.br\/index.php\/wp-json\/wp\/v2\/media?parent=955"}],"wp:term":[{"taxonomy":"product_brand","embeddable":true,"href":"https:\/\/doshasemporio.com.br\/index.php\/wp-json\/wp\/v2\/product_brand?post=955"},{"taxonomy":"product_cat","embeddable":true,"href":"https:\/\/doshasemporio.com.br\/index.php\/wp-json\/wp\/v2\/product_cat?post=955"},{"taxonomy":"product_tag","embeddable":true,"href":"https:\/\/doshasemporio.com.br\/index.php\/wp-json\/wp\/v2\/product_tag?post=955"}],"curies":[{"name":"wp","href":"https:\/\/api.w.org\/{rel}","templated":true}]}}