{"id":950,"date":"2023-11-01T15:22:33","date_gmt":"2023-11-01T18:22:33","guid":{"rendered":"https:\/\/doshasemporio.com.br\/?post_type=product&#038;p=950"},"modified":"2025-11-28T06:52:22","modified_gmt":"2025-11-28T09:52:22","slug":"raspador-de-lingua","status":"publish","type":"product","link":"https:\/\/doshasemporio.com.br\/index.php\/produto\/raspador-de-lingua\/","title":{"rendered":"Raspador de l\u00edngua 100% cobre adulto"},"content":{"rendered":"<p><strong>Este produto cont\u00e9m 1 unidade de raspador de l\u00edngua adulto.<\/strong><\/p>\n<p>Uma das pr\u00e1ticas do Dinacharya \u00e9 a raspagem da l\u00edngua e tamb\u00e9m \u00e9 a primeira delas pois fazemos pela manh\u00e3 assim que acordamos.<\/p>\n<p>Raspar a l\u00edngua remove da superf\u00edcie da l\u00edngua resto de alimentos, bact\u00e9rias, fungos e toxinas que ficam ali no que chamamos de saburra; uma capa branca que envolve a l\u00edngua.<\/p>\n<p>Quando dormimos nosso corpo procura remover toxinas e res\u00edduos da m\u00e1 digest\u00e3o e<br \/>\nparte dessas toxinas s\u00e3o depositadas na l\u00edngua.<\/p>\n<p>Sem a raspagem pela manh\u00e3, vamos reabsorver o que o corpo sabiamente expulsou.<\/p>\n<p>Quando engolimos as toxinas podemos agravar problemas digestivos e respirat\u00f3rios.<\/p>\n<p>Modo de usar:<br \/>\nDiante do espelho, segure as extremidades do raspador com as duas m\u00e3os, coloque a l\u00edngua para fora e o raspador bem l\u00e1 no fundo da l\u00edngua e ent\u00e3o raspe a superf\u00edcie de 2 \u00e0 3 vezes.<\/p>\n","protected":false},"excerpt":{"rendered":"<p>Este produto cont\u00e9m 1 unidade de raspador de l\u00edngua adulto. Uma das pr\u00e1ticas do Dinacharya \u00e9 a raspagem da l\u00edngua e tamb\u00e9m \u00e9 a primeira delas pois fazemos pela manh\u00e3 assim que acordamos. Raspar a l\u00edngua remove da superf\u00edcie da l\u00edngua resto de alimentos, bact\u00e9rias, fungos e toxinas que ficam ali no que chamamos de [&hellip;]<\/p>\n","protected":false},"featured_media":3066,"comment_status":"open","ping_status":"closed","template":"","meta":{"site-sidebar-layout":"default","site-content-layout":"","ast-site-content-layout":"default","site-content-style":"default","site-sidebar-style":"default","ast-global-header-display":"","ast-banner-title-visibility":"","ast-main-header-display":"","ast-hfb-above-header-display":"","ast-hfb-below-header-display":"","ast-hfb-mobile-header-display":"","site-post-title":"","ast-breadcrumbs-content":"","ast-featured-img":"","footer-sml-layout":"","theme-transparent-header-meta":"default","adv-header-id-meta":"","stick-header-meta":"","header-above-stick-meta":"","header-main-stick-meta":"","header-below-stick-meta":"","astra-migrate-meta-layouts":"set","ast-page-background-enabled":"default","ast-page-background-meta":{"desktop":{"background-color":"","background-image":"","background-repeat":"repeat","background-position":"center center","background-size":"auto","background-attachment":"scroll","background-type":"","background-media":"","overlay-type":"","overlay-color":"","overlay-opacity":"","overlay-gradient":""},"tablet":{"background-color":"","background-image":"","background-repeat":"repeat","background-position":"center center","background-size":"auto","background-attachment":"scroll","background-type":"","background-media":"","overlay-type":"","overlay-color":"","overlay-opacity":"","overlay-gradient":""},"mobile":{"background-color":"","background-image":"","background-repeat":"repeat","background-position":"center center","background-size":"auto","background-attachment":"scroll","background-type":"","background-media":"","overlay-type":"","overlay-color":"","overlay-opacity":"","overlay-gradient":""}},"ast-content-background-meta":{"desktop":{"background-color":"var(--ast-global-color-5)","background-image":"","background-repeat":"repeat","background-position":"center center","background-size":"auto","background-attachment":"scroll","background-type":"","background-media":"","overlay-type":"","overlay-color":"","overlay-opacity":"","overlay-gradient":""},"tablet":{"background-color":"var(--ast-global-color-5)","background-image":"","background-repeat":"repeat","background-position":"center center","background-size":"auto","background-attachment":"scroll","background-type":"","background-media":"","overlay-type":"","overlay-color":"","overlay-opacity":"","overlay-gradient":""},"mobile":{"background-color":"var(--ast-global-color-5)","background-image":"","background-repeat":"repeat","background-position":"center center","background-size":"auto","background-attachment":"scroll","background-type":"","background-media":"","overlay-type":"","overlay-color":"","overlay-opacity":"","overlay-gradient":""}}},"product_brand":[],"product_cat":[26],"product_tag":[],"class_list":{"0":"post-950","1":"product","2":"type-product","3":"status-publish","4":"has-post-thumbnail","6":"product_cat-dinacharya-rotina-diaria","7":"desktop-align-left","8":"tablet-align-left","9":"mobile-align-center","10":"ast-product-gallery-layout-horizontal-slider","11":"ast-product-tabs-layout-horizontal","13":"first","14":"instock","15":"sale","16":"shipping-taxable","17":"purchasable","18":"product-type-simple"},"_links":{"self":[{"href":"https:\/\/doshasemporio.com.br\/index.php\/wp-json\/wp\/v2\/product\/950","targetHints":{"allow":["GET"]}}],"collection":[{"href":"https:\/\/doshasemporio.com.br\/index.php\/wp-json\/wp\/v2\/product"}],"about":[{"href":"https:\/\/doshasemporio.com.br\/index.php\/wp-json\/wp\/v2\/types\/product"}],"replies":[{"embeddable":true,"href":"https:\/\/doshasemporio.com.br\/index.php\/wp-json\/wp\/v2\/comments?post=950"}],"wp:featuredmedia":[{"embeddable":true,"href":"https:\/\/doshasemporio.com.br\/index.php\/wp-json\/wp\/v2\/media\/3066"}],"wp:attachment":[{"href":"https:\/\/doshasemporio.com.br\/index.php\/wp-json\/wp\/v2\/media?parent=950"}],"wp:term":[{"taxonomy":"product_brand","embeddable":true,"href":"https:\/\/doshasemporio.com.br\/index.php\/wp-json\/wp\/v2\/product_brand?post=950"},{"taxonomy":"product_cat","embeddable":true,"href":"https:\/\/doshasemporio.com.br\/index.php\/wp-json\/wp\/v2\/product_cat?post=950"},{"taxonomy":"product_tag","embeddable":true,"href":"https:\/\/doshasemporio.com.br\/index.php\/wp-json\/wp\/v2\/product_tag?post=950"}],"curies":[{"name":"wp","href":"https:\/\/api.w.org\/{rel}","templated":true}]}}