{"id":948,"date":"2023-11-01T15:18:11","date_gmt":"2023-11-01T18:18:11","guid":{"rendered":"https:\/\/doshasemporio.com.br\/?post_type=product&#038;p=948"},"modified":"2026-01-24T08:34:06","modified_gmt":"2026-01-24T11:34:06","slug":"guggul","status":"publish","type":"product","link":"https:\/\/doshasemporio.com.br\/index.php\/produto\/guggul\/","title":{"rendered":"Guggul anti-obesidade 100g"},"content":{"rendered":"<p>O Guggul \u00e9 um dos mais potentes Ama-nashaka (eliminadores de toxinas) do Ayurveda.<br \/>\nEle \u201craspa\u201d o excesso de gordura, muco e impurezas do corpo \u2014 a\u00e7\u00e3o chamada de Lekhana Karma \u2014 limpando os canais (Srotas) e restabelecendo o metabolismo natural.<\/p>\n<p>&#8211; Anti-obesidade.<br \/>\n&#8211; Ajuda na queima de gordura.<br \/>\n&#8211; Cuida da sa\u00fade do cora\u00e7\u00e3o.<br \/>\n&#8211; Ajuda no tratamento da tireoide.<br \/>\n&#8211; Reduz colesterol alto.<br \/>\n&#8211; \u00c9 encontrada na Som\u00e1lia, parte do nordeste africano, na Ar\u00e1bia e \u00cdndia.<br \/>\n&#8211; Trata artrite reumat\u00f3ide, obesidade e como antiss\u00e9ptico interno.<\/p>\n<p>&nbsp;<\/p>\n","protected":false},"excerpt":{"rendered":"<p>O Guggul \u00e9 um dos mais potentes Ama-nashaka (eliminadores de toxinas) do Ayurveda. Ele \u201craspa\u201d o excesso de gordura, muco e impurezas do corpo \u2014 a\u00e7\u00e3o chamada de Lekhana Karma \u2014 limpando os canais (Srotas) e restabelecendo o metabolismo natural. &#8211; Anti-obesidade. &#8211; Ajuda na queima de gordura. &#8211; Cuida da sa\u00fade do cora\u00e7\u00e3o. &#8211; [&hellip;]<\/p>\n","protected":false},"featured_media":3115,"comment_status":"open","ping_status":"closed","template":"","meta":{"site-sidebar-layout":"default","site-content-layout":"","ast-site-content-layout":"default","site-content-style":"default","site-sidebar-style":"default","ast-global-header-display":"","ast-banner-title-visibility":"","ast-main-header-display":"","ast-hfb-above-header-display":"","ast-hfb-below-header-display":"","ast-hfb-mobile-header-display":"","site-post-title":"","ast-breadcrumbs-content":"","ast-featured-img":"","footer-sml-layout":"","theme-transparent-header-meta":"default","adv-header-id-meta":"","stick-header-meta":"","header-above-stick-meta":"","header-main-stick-meta":"","header-below-stick-meta":"","astra-migrate-meta-layouts":"set","ast-page-background-enabled":"default","ast-page-background-meta":{"desktop":{"background-color":"","background-image":"","background-repeat":"repeat","background-position":"center center","background-size":"auto","background-attachment":"scroll","background-type":"","background-media":"","overlay-type":"","overlay-color":"","overlay-opacity":"","overlay-gradient":""},"tablet":{"background-color":"","background-image":"","background-repeat":"repeat","background-position":"center center","background-size":"auto","background-attachment":"scroll","background-type":"","background-media":"","overlay-type":"","overlay-color":"","overlay-opacity":"","overlay-gradient":""},"mobile":{"background-color":"","background-image":"","background-repeat":"repeat","background-position":"center center","background-size":"auto","background-attachment":"scroll","background-type":"","background-media":"","overlay-type":"","overlay-color":"","overlay-opacity":"","overlay-gradient":""}},"ast-content-background-meta":{"desktop":{"background-color":"var(--ast-global-color-5)","background-image":"","background-repeat":"repeat","background-position":"center center","background-size":"auto","background-attachment":"scroll","background-type":"","background-media":"","overlay-type":"","overlay-color":"","overlay-opacity":"","overlay-gradient":""},"tablet":{"background-color":"var(--ast-global-color-5)","background-image":"","background-repeat":"repeat","background-position":"center center","background-size":"auto","background-attachment":"scroll","background-type":"","background-media":"","overlay-type":"","overlay-color":"","overlay-opacity":"","overlay-gradient":""},"mobile":{"background-color":"var(--ast-global-color-5)","background-image":"","background-repeat":"repeat","background-position":"center center","background-size":"auto","background-attachment":"scroll","background-type":"","background-media":"","overlay-type":"","overlay-color":"","overlay-opacity":"","overlay-gradient":""}}},"product_brand":[],"product_cat":[17],"product_tag":[],"class_list":{"0":"post-948","1":"product","2":"type-product","3":"status-publish","4":"has-post-thumbnail","6":"product_cat-linha-de-chas-especiarias-e-massalas","7":"desktop-align-left","8":"tablet-align-left","9":"mobile-align-center","10":"ast-product-gallery-layout-horizontal-slider","11":"ast-product-tabs-layout-horizontal","13":"first","14":"instock","15":"shipping-taxable","16":"purchasable","17":"product-type-simple"},"_links":{"self":[{"href":"https:\/\/doshasemporio.com.br\/index.php\/wp-json\/wp\/v2\/product\/948","targetHints":{"allow":["GET"]}}],"collection":[{"href":"https:\/\/doshasemporio.com.br\/index.php\/wp-json\/wp\/v2\/product"}],"about":[{"href":"https:\/\/doshasemporio.com.br\/index.php\/wp-json\/wp\/v2\/types\/product"}],"replies":[{"embeddable":true,"href":"https:\/\/doshasemporio.com.br\/index.php\/wp-json\/wp\/v2\/comments?post=948"}],"wp:featuredmedia":[{"embeddable":true,"href":"https:\/\/doshasemporio.com.br\/index.php\/wp-json\/wp\/v2\/media\/3115"}],"wp:attachment":[{"href":"https:\/\/doshasemporio.com.br\/index.php\/wp-json\/wp\/v2\/media?parent=948"}],"wp:term":[{"taxonomy":"product_brand","embeddable":true,"href":"https:\/\/doshasemporio.com.br\/index.php\/wp-json\/wp\/v2\/product_brand?post=948"},{"taxonomy":"product_cat","embeddable":true,"href":"https:\/\/doshasemporio.com.br\/index.php\/wp-json\/wp\/v2\/product_cat?post=948"},{"taxonomy":"product_tag","embeddable":true,"href":"https:\/\/doshasemporio.com.br\/index.php\/wp-json\/wp\/v2\/product_tag?post=948"}],"curies":[{"name":"wp","href":"https:\/\/api.w.org\/{rel}","templated":true}]}}