{"id":904,"date":"2023-10-04T14:40:42","date_gmt":"2023-10-04T17:40:42","guid":{"rendered":"https:\/\/doshasemporio.com.br\/?post_type=product&#038;p=904"},"modified":"2026-04-15T22:12:37","modified_gmt":"2026-04-16T01:12:37","slug":"anu-thaialam","status":"publish","type":"product","link":"https:\/\/doshasemporio.com.br\/index.php\/produto\/anu-thaialam\/","title":{"rendered":"Anu taila &#8211; \u00d3leo nasal"},"content":{"rendered":"<p>ANU THAILA &#8211; \u00d3leo medicado<\/p>\n<ul>\n<li>Equilibra o excesso de Kapha na face.<\/li>\n<li>Trata alergias, rinite e sinusite, agindo nas mucosas, na congest\u00e3o nasal, lubrificando os seios da face.<\/li>\n<li>Evita dores de cabe\u00e7a, dores de ouvido e dor de garganta.<\/li>\n<li>Alivia a tens\u00e3o da \u00e1rea do pesco\u00e7o, cabe\u00e7a e ombros.<\/li>\n<li>Proporciona clareza mental e acalma o sistema nervoso.<\/li>\n<\/ul>\n<p><strong>Ingredientes:<\/strong> \u00d3leo de gergelim medicado com Alca\u00e7uz, C\u00e1lamo, Pippali, Sabugueiro, Eucalipto, Shatawari, Canela, Cardamomo, Lavanda, Gengibre e Manjeric\u00e3o.<\/p>\n<p><strong>Modo de uso:<\/strong> Aplicar por dentro das narinas (1-2 gotas em cada).<\/p>\n<p>&nbsp;<\/p>\n<p><em>&gt;&gt;Caso precise de orienta\u00e7\u00f5es quanto ao uso espec\u00edfico deste produto, ou quer otimizar seus efeitos com outras pr\u00e1ticas sugeridas do Ayurveda, agende uma consulta on-line:<\/em><\/p>\n<p>SAIBA MAIS SOBRE A\u00a0<strong><a href=\"https:\/\/danipetrela.wordpress.com\/contato\/\">CONSULTA CLICANDO AQUI<\/a><\/strong><\/p>\n","protected":false},"excerpt":{"rendered":"<p>ANU THAILA &#8211; \u00d3leo medicado Equilibra o excesso de Kapha na face. Trata alergias, rinite e sinusite, agindo nas mucosas, na congest\u00e3o nasal, lubrificando os seios da face. Evita dores de cabe\u00e7a, dores de ouvido e dor de garganta. Alivia a tens\u00e3o da \u00e1rea do pesco\u00e7o, cabe\u00e7a e ombros. Proporciona clareza mental e acalma o [&hellip;]<\/p>\n","protected":false},"featured_media":2595,"comment_status":"open","ping_status":"closed","template":"","meta":{"site-sidebar-layout":"default","site-content-layout":"","ast-site-content-layout":"default","site-content-style":"default","site-sidebar-style":"default","ast-global-header-display":"","ast-banner-title-visibility":"","ast-main-header-display":"","ast-hfb-above-header-display":"","ast-hfb-below-header-display":"","ast-hfb-mobile-header-display":"","site-post-title":"","ast-breadcrumbs-content":"","ast-featured-img":"","footer-sml-layout":"","theme-transparent-header-meta":"default","adv-header-id-meta":"","stick-header-meta":"","header-above-stick-meta":"","header-main-stick-meta":"","header-below-stick-meta":"","astra-migrate-meta-layouts":"set","ast-page-background-enabled":"default","ast-page-background-meta":{"desktop":{"background-color":"","background-image":"","background-repeat":"repeat","background-position":"center center","background-size":"auto","background-attachment":"scroll","background-type":"","background-media":"","overlay-type":"","overlay-color":"","overlay-opacity":"","overlay-gradient":""},"tablet":{"background-color":"","background-image":"","background-repeat":"repeat","background-position":"center center","background-size":"auto","background-attachment":"scroll","background-type":"","background-media":"","overlay-type":"","overlay-color":"","overlay-opacity":"","overlay-gradient":""},"mobile":{"background-color":"","background-image":"","background-repeat":"repeat","background-position":"center center","background-size":"auto","background-attachment":"scroll","background-type":"","background-media":"","overlay-type":"","overlay-color":"","overlay-opacity":"","overlay-gradient":""}},"ast-content-background-meta":{"desktop":{"background-color":"var(--ast-global-color-5)","background-image":"","background-repeat":"repeat","background-position":"center center","background-size":"auto","background-attachment":"scroll","background-type":"","background-media":"","overlay-type":"","overlay-color":"","overlay-opacity":"","overlay-gradient":""},"tablet":{"background-color":"var(--ast-global-color-5)","background-image":"","background-repeat":"repeat","background-position":"center center","background-size":"auto","background-attachment":"scroll","background-type":"","background-media":"","overlay-type":"","overlay-color":"","overlay-opacity":"","overlay-gradient":""},"mobile":{"background-color":"var(--ast-global-color-5)","background-image":"","background-repeat":"repeat","background-position":"center center","background-size":"auto","background-attachment":"scroll","background-type":"","background-media":"","overlay-type":"","overlay-color":"","overlay-opacity":"","overlay-gradient":""}}},"product_brand":[],"product_cat":[27],"product_tag":[],"class_list":{"0":"post-904","1":"product","2":"type-product","3":"status-publish","4":"has-post-thumbnail","6":"product_cat-oleos-medicados","7":"desktop-align-left","8":"tablet-align-left","9":"mobile-align-center","10":"ast-product-gallery-layout-horizontal-slider","11":"ast-product-tabs-layout-horizontal","13":"first","14":"instock","15":"shipping-taxable","16":"purchasable","17":"product-type-simple"},"_links":{"self":[{"href":"https:\/\/doshasemporio.com.br\/index.php\/wp-json\/wp\/v2\/product\/904","targetHints":{"allow":["GET"]}}],"collection":[{"href":"https:\/\/doshasemporio.com.br\/index.php\/wp-json\/wp\/v2\/product"}],"about":[{"href":"https:\/\/doshasemporio.com.br\/index.php\/wp-json\/wp\/v2\/types\/product"}],"replies":[{"embeddable":true,"href":"https:\/\/doshasemporio.com.br\/index.php\/wp-json\/wp\/v2\/comments?post=904"}],"wp:featuredmedia":[{"embeddable":true,"href":"https:\/\/doshasemporio.com.br\/index.php\/wp-json\/wp\/v2\/media\/2595"}],"wp:attachment":[{"href":"https:\/\/doshasemporio.com.br\/index.php\/wp-json\/wp\/v2\/media?parent=904"}],"wp:term":[{"taxonomy":"product_brand","embeddable":true,"href":"https:\/\/doshasemporio.com.br\/index.php\/wp-json\/wp\/v2\/product_brand?post=904"},{"taxonomy":"product_cat","embeddable":true,"href":"https:\/\/doshasemporio.com.br\/index.php\/wp-json\/wp\/v2\/product_cat?post=904"},{"taxonomy":"product_tag","embeddable":true,"href":"https:\/\/doshasemporio.com.br\/index.php\/wp-json\/wp\/v2\/product_tag?post=904"}],"curies":[{"name":"wp","href":"https:\/\/api.w.org\/{rel}","templated":true}]}}