{"id":902,"date":"2023-10-04T14:41:29","date_gmt":"2023-10-04T17:41:29","guid":{"rendered":"https:\/\/doshasemporio.com.br\/?post_type=product&#038;p=902"},"modified":"2026-03-19T17:13:33","modified_gmt":"2026-03-19T20:13:33","slug":"triphala","status":"publish","type":"product","link":"https:\/\/doshasemporio.com.br\/index.php\/produto\/triphala\/","title":{"rendered":"TRIPHALA Indiana org\u00e2nica 100g em p\u00f3"},"content":{"rendered":"<p>A fruta de tr\u00eas \u00e1rvores, cada uma delas equilibra um dos tr\u00eas Doshas.<\/p>\n<p>Composta por: amalaki, haritak, bibhitaki.<br \/>\nAs tr\u00eas frutas isoladamente j\u00e1 s\u00e3o t\u00f4nicos maravilhosos e juntas somam um poderoso rejuvenescedor.<br \/>\nDesgruda Ama (toxinas), auxilia com a perda de peso, controla o colesterol, a diabetes e fortalece a imunidade.<br \/>\nExcelente para a digest\u00e3o.<br \/>\nEquilibra Pitta no trato gastro intestinal.<br \/>\n\u00c9 um laxante leve.<br \/>\nLimpa Vata, Pitta e Kapha no organismo.<br \/>\nFavorece a absor\u00e7\u00e3o de nutrientes.<br \/>\nRemove Ama (toxinas) levando at\u00e9 os intestinos<br \/>\npara serem eliminadas.<\/p>\n<p>Como utilizar Triphala:<\/p>\n<p>Tomar uma colher de ch\u00e1 2x ao dia. A primeira dose pela manh\u00e3 em jejum, dilu\u00edda em \u00e1gua morna e uma segunda dose mais laxativa no fim do dia.<\/p>\n","protected":false},"excerpt":{"rendered":"<p>A fruta de tr\u00eas \u00e1rvores, cada uma delas equilibra um dos tr\u00eas Doshas. Composta por: amalaki, haritak, bibhitaki. As tr\u00eas frutas isoladamente j\u00e1 s\u00e3o t\u00f4nicos maravilhosos e juntas somam um poderoso rejuvenescedor. Desgruda Ama (toxinas), auxilia com a perda de peso, controla o colesterol, a diabetes e fortalece a imunidade. Excelente para a digest\u00e3o. Equilibra [&hellip;]<\/p>\n","protected":false},"featured_media":3069,"comment_status":"open","ping_status":"closed","template":"","meta":{"site-sidebar-layout":"default","site-content-layout":"","ast-site-content-layout":"default","site-content-style":"default","site-sidebar-style":"default","ast-global-header-display":"","ast-banner-title-visibility":"","ast-main-header-display":"","ast-hfb-above-header-display":"","ast-hfb-below-header-display":"","ast-hfb-mobile-header-display":"","site-post-title":"","ast-breadcrumbs-content":"","ast-featured-img":"","footer-sml-layout":"","theme-transparent-header-meta":"default","adv-header-id-meta":"","stick-header-meta":"","header-above-stick-meta":"","header-main-stick-meta":"","header-below-stick-meta":"","astra-migrate-meta-layouts":"set","ast-page-background-enabled":"default","ast-page-background-meta":{"desktop":{"background-color":"","background-image":"","background-repeat":"repeat","background-position":"center center","background-size":"auto","background-attachment":"scroll","background-type":"","background-media":"","overlay-type":"","overlay-color":"","overlay-opacity":"","overlay-gradient":""},"tablet":{"background-color":"","background-image":"","background-repeat":"repeat","background-position":"center center","background-size":"auto","background-attachment":"scroll","background-type":"","background-media":"","overlay-type":"","overlay-color":"","overlay-opacity":"","overlay-gradient":""},"mobile":{"background-color":"","background-image":"","background-repeat":"repeat","background-position":"center center","background-size":"auto","background-attachment":"scroll","background-type":"","background-media":"","overlay-type":"","overlay-color":"","overlay-opacity":"","overlay-gradient":""}},"ast-content-background-meta":{"desktop":{"background-color":"var(--ast-global-color-5)","background-image":"","background-repeat":"repeat","background-position":"center center","background-size":"auto","background-attachment":"scroll","background-type":"","background-media":"","overlay-type":"","overlay-color":"","overlay-opacity":"","overlay-gradient":""},"tablet":{"background-color":"var(--ast-global-color-5)","background-image":"","background-repeat":"repeat","background-position":"center center","background-size":"auto","background-attachment":"scroll","background-type":"","background-media":"","overlay-type":"","overlay-color":"","overlay-opacity":"","overlay-gradient":""},"mobile":{"background-color":"var(--ast-global-color-5)","background-image":"","background-repeat":"repeat","background-position":"center center","background-size":"auto","background-attachment":"scroll","background-type":"","background-media":"","overlay-type":"","overlay-color":"","overlay-opacity":"","overlay-gradient":""}}},"product_brand":[],"product_cat":[26,17],"product_tag":[],"class_list":{"0":"post-902","1":"product","2":"type-product","3":"status-publish","4":"has-post-thumbnail","6":"product_cat-dinacharya-rotina-diaria","7":"product_cat-linha-de-chas-especiarias-e-massalas","8":"desktop-align-left","9":"tablet-align-left","10":"mobile-align-center","11":"ast-product-gallery-layout-horizontal-slider","12":"ast-product-tabs-layout-horizontal","14":"first","15":"instock","16":"featured","17":"shipping-taxable","18":"purchasable","19":"product-type-simple"},"_links":{"self":[{"href":"https:\/\/doshasemporio.com.br\/index.php\/wp-json\/wp\/v2\/product\/902","targetHints":{"allow":["GET"]}}],"collection":[{"href":"https:\/\/doshasemporio.com.br\/index.php\/wp-json\/wp\/v2\/product"}],"about":[{"href":"https:\/\/doshasemporio.com.br\/index.php\/wp-json\/wp\/v2\/types\/product"}],"replies":[{"embeddable":true,"href":"https:\/\/doshasemporio.com.br\/index.php\/wp-json\/wp\/v2\/comments?post=902"}],"wp:featuredmedia":[{"embeddable":true,"href":"https:\/\/doshasemporio.com.br\/index.php\/wp-json\/wp\/v2\/media\/3069"}],"wp:attachment":[{"href":"https:\/\/doshasemporio.com.br\/index.php\/wp-json\/wp\/v2\/media?parent=902"}],"wp:term":[{"taxonomy":"product_brand","embeddable":true,"href":"https:\/\/doshasemporio.com.br\/index.php\/wp-json\/wp\/v2\/product_brand?post=902"},{"taxonomy":"product_cat","embeddable":true,"href":"https:\/\/doshasemporio.com.br\/index.php\/wp-json\/wp\/v2\/product_cat?post=902"},{"taxonomy":"product_tag","embeddable":true,"href":"https:\/\/doshasemporio.com.br\/index.php\/wp-json\/wp\/v2\/product_tag?post=902"}],"curies":[{"name":"wp","href":"https:\/\/api.w.org\/{rel}","templated":true}]}}