{"id":899,"date":"2023-10-04T14:27:33","date_gmt":"2023-10-04T17:27:33","guid":{"rendered":"https:\/\/doshasemporio.com.br\/?post_type=product&#038;p=899"},"modified":"2026-03-19T17:13:54","modified_gmt":"2026-03-19T20:13:54","slug":"bringaraj","status":"publish","type":"product","link":"https:\/\/doshasemporio.com.br\/index.php\/produto\/bringaraj\/","title":{"rendered":"Bringaraj churna 100g"},"content":{"rendered":"<p>BRINGARAJ<\/p>\n<p>\u00c9 traduzida como \u201cRei do cabelo\u201d<\/p>\n<p>Revitaliza o couro cabeludo e incentiva o crescimento de uma cabe\u00e7a cheia e luxuosa de cabelos.<br \/>\n\u00c9 um t\u00f4nico para queda de cabelo, alopecia e envelhecimento prematuro. Previne o agrisalhar dos cabelos e a calv\u00edcie prematura. Bringaraj tamb\u00e9m aumenta a mem\u00f3ria e a concentra\u00e7\u00e3o.<br \/>\nProtege contra o processo de envelhecimento e aumenta a longevidade.<br \/>\nAjuda a evitar o decl\u00ednio mental da idade e previne a doen\u00e7a de Alzheimer. Acalma a tens\u00e3o e ansiedade. \u00c9 usada tamb\u00e9m para o decl\u00ednio da vis\u00e3o e da audi\u00e7\u00e3o e em casos de vertigens.<br \/>\nReduz press\u00e3o arterial e alivia as palpita\u00e7\u00f5es nervosas.<br \/>\nBen\u00e9fica para a ins\u00f4nia e a agita\u00e7\u00e3o mental de Vata e Pitta.<br \/>\nTrata os calores de Pitta.<\/p>\n<p>Como utilizar Bringaraj:<\/p>\n<p>Caso precise de orienta\u00e7\u00f5es quanto ao uso espec\u00edfico deste produto, ou quer otimizar seus efeitos com outras pr\u00e1ticas sugeridas de Ayurveda, agende uma consulta on-line no campo terapeuta Ayurveda ou clique aqui.<\/p>\n","protected":false},"excerpt":{"rendered":"<p>BRINGARAJ \u00c9 traduzida como \u201cRei do cabelo\u201d Revitaliza o couro cabeludo e incentiva o crescimento de uma cabe\u00e7a cheia e luxuosa de cabelos. \u00c9 um t\u00f4nico para queda de cabelo, alopecia e envelhecimento prematuro. Previne o agrisalhar dos cabelos e a calv\u00edcie prematura. Bringaraj tamb\u00e9m aumenta a mem\u00f3ria e a concentra\u00e7\u00e3o. Protege contra o processo [&hellip;]<\/p>\n","protected":false},"featured_media":3091,"comment_status":"open","ping_status":"closed","template":"","meta":{"site-sidebar-layout":"default","site-content-layout":"","ast-site-content-layout":"default","site-content-style":"default","site-sidebar-style":"default","ast-global-header-display":"","ast-banner-title-visibility":"","ast-main-header-display":"","ast-hfb-above-header-display":"","ast-hfb-below-header-display":"","ast-hfb-mobile-header-display":"","site-post-title":"","ast-breadcrumbs-content":"","ast-featured-img":"","footer-sml-layout":"","theme-transparent-header-meta":"default","adv-header-id-meta":"","stick-header-meta":"","header-above-stick-meta":"","header-main-stick-meta":"","header-below-stick-meta":"","astra-migrate-meta-layouts":"set","ast-page-background-enabled":"default","ast-page-background-meta":{"desktop":{"background-color":"","background-image":"","background-repeat":"repeat","background-position":"center center","background-size":"auto","background-attachment":"scroll","background-type":"","background-media":"","overlay-type":"","overlay-color":"","overlay-opacity":"","overlay-gradient":""},"tablet":{"background-color":"","background-image":"","background-repeat":"repeat","background-position":"center center","background-size":"auto","background-attachment":"scroll","background-type":"","background-media":"","overlay-type":"","overlay-color":"","overlay-opacity":"","overlay-gradient":""},"mobile":{"background-color":"","background-image":"","background-repeat":"repeat","background-position":"center center","background-size":"auto","background-attachment":"scroll","background-type":"","background-media":"","overlay-type":"","overlay-color":"","overlay-opacity":"","overlay-gradient":""}},"ast-content-background-meta":{"desktop":{"background-color":"var(--ast-global-color-5)","background-image":"","background-repeat":"repeat","background-position":"center center","background-size":"auto","background-attachment":"scroll","background-type":"","background-media":"","overlay-type":"","overlay-color":"","overlay-opacity":"","overlay-gradient":""},"tablet":{"background-color":"var(--ast-global-color-5)","background-image":"","background-repeat":"repeat","background-position":"center center","background-size":"auto","background-attachment":"scroll","background-type":"","background-media":"","overlay-type":"","overlay-color":"","overlay-opacity":"","overlay-gradient":""},"mobile":{"background-color":"var(--ast-global-color-5)","background-image":"","background-repeat":"repeat","background-position":"center center","background-size":"auto","background-attachment":"scroll","background-type":"","background-media":"","overlay-type":"","overlay-color":"","overlay-opacity":"","overlay-gradient":""}}},"product_brand":[],"product_cat":[17],"product_tag":[],"class_list":{"0":"post-899","1":"product","2":"type-product","3":"status-publish","4":"has-post-thumbnail","6":"product_cat-linha-de-chas-especiarias-e-massalas","7":"desktop-align-left","8":"tablet-align-left","9":"mobile-align-center","10":"ast-product-gallery-layout-horizontal-slider","11":"ast-product-tabs-layout-horizontal","13":"first","14":"instock","15":"shipping-taxable","16":"purchasable","17":"product-type-simple"},"_links":{"self":[{"href":"https:\/\/doshasemporio.com.br\/index.php\/wp-json\/wp\/v2\/product\/899","targetHints":{"allow":["GET"]}}],"collection":[{"href":"https:\/\/doshasemporio.com.br\/index.php\/wp-json\/wp\/v2\/product"}],"about":[{"href":"https:\/\/doshasemporio.com.br\/index.php\/wp-json\/wp\/v2\/types\/product"}],"replies":[{"embeddable":true,"href":"https:\/\/doshasemporio.com.br\/index.php\/wp-json\/wp\/v2\/comments?post=899"}],"wp:featuredmedia":[{"embeddable":true,"href":"https:\/\/doshasemporio.com.br\/index.php\/wp-json\/wp\/v2\/media\/3091"}],"wp:attachment":[{"href":"https:\/\/doshasemporio.com.br\/index.php\/wp-json\/wp\/v2\/media?parent=899"}],"wp:term":[{"taxonomy":"product_brand","embeddable":true,"href":"https:\/\/doshasemporio.com.br\/index.php\/wp-json\/wp\/v2\/product_brand?post=899"},{"taxonomy":"product_cat","embeddable":true,"href":"https:\/\/doshasemporio.com.br\/index.php\/wp-json\/wp\/v2\/product_cat?post=899"},{"taxonomy":"product_tag","embeddable":true,"href":"https:\/\/doshasemporio.com.br\/index.php\/wp-json\/wp\/v2\/product_tag?post=899"}],"curies":[{"name":"wp","href":"https:\/\/api.w.org\/{rel}","templated":true}]}}