{"id":2273,"date":"2024-04-24T15:57:10","date_gmt":"2024-04-24T18:57:10","guid":{"rendered":"https:\/\/doshasemporio.com.br\/?post_type=product&#038;p=2273"},"modified":"2026-01-24T08:26:12","modified_gmt":"2026-01-24T11:26:12","slug":"guduchi-em-po-100g","status":"publish","type":"product","link":"https:\/\/doshasemporio.com.br\/index.php\/produto\/guduchi-em-po-100g\/","title":{"rendered":"Guduchi indiano em p\u00f3 &#8211; 100g"},"content":{"rendered":"<p><strong>GUDUCHI, AMRIT ( Tinospora cordifolia)<\/strong><\/p>\n<p>O nome Guduchi significa &#8220;aquilo que protege todo o corpo&#8221; em s\u00e2nscrito.<\/p>\n<p>Guduchi \u00e9 um excelente <em>Rasayana <\/em>(rejuvenescedor), especialmente para Pitta. Ele aumenta a imunidade, a vitalidade, traz energia e longevidade.<\/p>\n<p>Ajuda a combater as infec\u00e7\u00f5es, aumenta a resili\u00eancia ao estresse emocional e f\u00edsico, estimula a fun\u00e7\u00e3o cerebral e alivia a tens\u00e3o.<\/p>\n<p>Por aumentar a imunidade, Guduchi alivia as infec\u00e7\u00f5es respirat\u00f3rias agudas, a febre, a tosse, os resfriados, a gripe, a sinusite e as alergias, entre elas a febre do feno e a asma.<\/p>\n<p>Guduchi tem uma atividade antioxidante antitumoral e protege contra os efeitos t\u00f3xicos da quimioterapia e radioterapia.<\/p>\n<p>Melhora a digest\u00e3o, absor\u00e7\u00e3o e a fun\u00e7\u00e3o hep\u00e1tica, \u00e9 ben\u00e9fico para a flora intestinal e elimina <em>Ama<\/em> (toxinas) do intestino e dos <em>Srotas<\/em> (canais) particularmente do c\u00e9rebro.<\/p>\n<p>Estimula o metabolismo de todos os tecidos, especialmente o tecido adiposo, ajudando a regular o peso.<\/p>\n<p>Por reduzir o calor e a inflama\u00e7\u00e3o, ele ameniza a acidez, a gastrite, as \u00falceras p\u00e9pticas, a diarreia, as infec\u00e7\u00f5es intestinais, a n\u00e1usea e o v\u00f4mito.<\/p>\n<p>Reduz o colesterol e ajuda a estabilizar os n\u00edveis de a\u00e7\u00facar.<\/p>\n<p><strong>PRECAU\u00c7\u00d5ES: Deve ser evitado na gravidez.<\/strong><\/p>\n<p>PARTE USADA: ped\u00fanculo, raiz.<\/p>\n<p>QUALIDADE: leve, oleosa.<\/p>\n<p>SABOR: amargo, adstringente, picante, doce.<\/p>\n<p>POT\u00caNCIA: quente.<\/p>\n<p>P\u00d3S-DIGESTIVO: doce.<\/p>\n<p>DOSHA:\u00a0 Beneficia Vata\/Pitta\/Kapha.<\/p>\n<p>DHATU: plasma, sangue, m\u00fasculo, nervo, gordura, reprodutor.<\/p>\n<p>SROTA: circulat\u00f3rio, digestivo.<\/p>\n<p>&nbsp;<\/p>\n","protected":false},"excerpt":{"rendered":"<p>GUDUCHI, AMRIT ( Tinospora cordifolia) O nome Guduchi significa &#8220;aquilo que protege todo o corpo&#8221; em s\u00e2nscrito. Guduchi \u00e9 um excelente Rasayana (rejuvenescedor), especialmente para Pitta. Ele aumenta a imunidade, a vitalidade, traz energia e longevidade. Ajuda a combater as infec\u00e7\u00f5es, aumenta a resili\u00eancia ao estresse emocional e f\u00edsico, estimula a fun\u00e7\u00e3o cerebral e alivia [&hellip;]<\/p>\n","protected":false},"featured_media":3107,"comment_status":"open","ping_status":"closed","template":"","meta":{"site-sidebar-layout":"default","site-content-layout":"","ast-site-content-layout":"default","site-content-style":"default","site-sidebar-style":"default","ast-global-header-display":"","ast-banner-title-visibility":"","ast-main-header-display":"","ast-hfb-above-header-display":"","ast-hfb-below-header-display":"","ast-hfb-mobile-header-display":"","site-post-title":"","ast-breadcrumbs-content":"","ast-featured-img":"","footer-sml-layout":"","theme-transparent-header-meta":"default","adv-header-id-meta":"","stick-header-meta":"","header-above-stick-meta":"","header-main-stick-meta":"","header-below-stick-meta":"","astra-migrate-meta-layouts":"set","ast-page-background-enabled":"default","ast-page-background-meta":{"desktop":{"background-color":"","background-image":"","background-repeat":"repeat","background-position":"center center","background-size":"auto","background-attachment":"scroll","background-type":"","background-media":"","overlay-type":"","overlay-color":"","overlay-opacity":"","overlay-gradient":""},"tablet":{"background-color":"","background-image":"","background-repeat":"repeat","background-position":"center center","background-size":"auto","background-attachment":"scroll","background-type":"","background-media":"","overlay-type":"","overlay-color":"","overlay-opacity":"","overlay-gradient":""},"mobile":{"background-color":"","background-image":"","background-repeat":"repeat","background-position":"center center","background-size":"auto","background-attachment":"scroll","background-type":"","background-media":"","overlay-type":"","overlay-color":"","overlay-opacity":"","overlay-gradient":""}},"ast-content-background-meta":{"desktop":{"background-color":"var(--ast-global-color-5)","background-image":"","background-repeat":"repeat","background-position":"center center","background-size":"auto","background-attachment":"scroll","background-type":"","background-media":"","overlay-type":"","overlay-color":"","overlay-opacity":"","overlay-gradient":""},"tablet":{"background-color":"var(--ast-global-color-5)","background-image":"","background-repeat":"repeat","background-position":"center center","background-size":"auto","background-attachment":"scroll","background-type":"","background-media":"","overlay-type":"","overlay-color":"","overlay-opacity":"","overlay-gradient":""},"mobile":{"background-color":"var(--ast-global-color-5)","background-image":"","background-repeat":"repeat","background-position":"center center","background-size":"auto","background-attachment":"scroll","background-type":"","background-media":"","overlay-type":"","overlay-color":"","overlay-opacity":"","overlay-gradient":""}}},"product_brand":[],"product_cat":[17],"product_tag":[],"class_list":{"0":"post-2273","1":"product","2":"type-product","3":"status-publish","4":"has-post-thumbnail","6":"product_cat-linha-de-chas-especiarias-e-massalas","7":"desktop-align-left","8":"tablet-align-left","9":"mobile-align-center","10":"ast-product-gallery-layout-horizontal-slider","11":"ast-product-tabs-layout-horizontal","13":"first","14":"instock","15":"shipping-taxable","16":"purchasable","17":"product-type-simple"},"_links":{"self":[{"href":"https:\/\/doshasemporio.com.br\/index.php\/wp-json\/wp\/v2\/product\/2273","targetHints":{"allow":["GET"]}}],"collection":[{"href":"https:\/\/doshasemporio.com.br\/index.php\/wp-json\/wp\/v2\/product"}],"about":[{"href":"https:\/\/doshasemporio.com.br\/index.php\/wp-json\/wp\/v2\/types\/product"}],"replies":[{"embeddable":true,"href":"https:\/\/doshasemporio.com.br\/index.php\/wp-json\/wp\/v2\/comments?post=2273"}],"wp:featuredmedia":[{"embeddable":true,"href":"https:\/\/doshasemporio.com.br\/index.php\/wp-json\/wp\/v2\/media\/3107"}],"wp:attachment":[{"href":"https:\/\/doshasemporio.com.br\/index.php\/wp-json\/wp\/v2\/media?parent=2273"}],"wp:term":[{"taxonomy":"product_brand","embeddable":true,"href":"https:\/\/doshasemporio.com.br\/index.php\/wp-json\/wp\/v2\/product_brand?post=2273"},{"taxonomy":"product_cat","embeddable":true,"href":"https:\/\/doshasemporio.com.br\/index.php\/wp-json\/wp\/v2\/product_cat?post=2273"},{"taxonomy":"product_tag","embeddable":true,"href":"https:\/\/doshasemporio.com.br\/index.php\/wp-json\/wp\/v2\/product_tag?post=2273"}],"curies":[{"name":"wp","href":"https:\/\/api.w.org\/{rel}","templated":true}]}}