{"id":2270,"date":"2024-04-24T15:11:12","date_gmt":"2024-04-24T18:11:12","guid":{"rendered":"https:\/\/doshasemporio.com.br\/?post_type=product&#038;p=2270"},"modified":"2026-01-24T08:25:01","modified_gmt":"2026-01-24T11:25:01","slug":"neem-em-po-100g","status":"publish","type":"product","link":"https:\/\/doshasemporio.com.br\/index.php\/produto\/neem-em-po-100g\/","title":{"rendered":"Neem indiano em p\u00f3 &#8211; 100g"},"content":{"rendered":"<p><strong>NEMM, NIM, NIMBA (Azadirachta indica)<\/strong><\/p>\n<p>Neem possui propriedades anti-inflamat\u00f3rias, antibacterianas e antioxidantes, tornando-se um rem\u00e9dio incr\u00edvel para o tratamento de v\u00e1rias condi\u00e7\u00f5es de pele. Adolescentes e adultos dependem de neem para al\u00edvio da acne e controle da inflama\u00e7\u00e3o da pele. Al\u00e9m disso,<strong> o uso de neem para clareamento da pele pode lhe dar resultados vis\u00edveis em alguns meses, protegendo contra a polui\u00e7\u00e3o e os raios UV.<\/strong><\/p>\n<p>Um uso m\u00e9dico importante do neem \u00e9 como um purificador de sangue. Ele pode apoiar a sa\u00fade geral, eliminando os radicais livres, regulando horm\u00f4nios, e aumentando a imunidade.<\/p>\n<p>Neem melhora e trata os sintomas do diabetes, melhorando a sa\u00fade cardiovascular.<\/p>\n<p>Neem pode ajudar a melhorar a sa\u00fade intestinal, apoiar <em>Agni <\/em>(fogo digestivo)\u00a0e promover o bem-estar geral. Neem \u00e9 acreditado para ter um efeito laxante suave que pode ajudar a melhorar os movimentos intestinais e aliviar a constipa\u00e7\u00e3o cr\u00f4nica.<\/p>\n<h2 id=\"Propertie_2\" class=\"page-section\">Propriedades de Neem<\/h2>\n<p>A \u00e1rvore de Neem (Azadirachta Indica) tem uma longa lista de propriedades que a tornam um tesouro verde inestim\u00e1vel. Vejamos algumas das propriedades proeminentes do Neem:<\/p>\n<ul>\n<li><b>Antimicrobiano<\/b>: O Neem tem propriedades antimicrobianas, o que significa que pode matar ou inibir o crescimento de pat\u00f3genos que s\u00e3o prejudiciais para n\u00f3s.<\/li>\n<li><b>Antif\u00fangico<\/b>: As propriedades antif\u00fangicas do Neem o tornam altamente eficaz contra micose, p\u00e9 de atleta e infec\u00e7\u00f5es ungueais.<\/li>\n<li><b>Anti-inflamat\u00f3rio e analg\u00e9sico<\/b>: As propriedades anti-inflamat\u00f3rias do Neem podem ajudar a reduzir o incha\u00e7o e a dor.<\/li>\n<li><b>Antipir\u00e9tico<\/b>: O neem pode ajudar a controlar os sintomas de febre e prevenir picos extremos de temperatura, gra\u00e7as \u00e0s suas propriedades antipir\u00e9ticas.<\/li>\n<li><b>Antioxidante<\/b>: O neem \u00e9 uma rica fonte de antioxidantes, protegendo o organismo dos efeitos adversos dos radicais livres.<\/li>\n<li><b>Inseticida<\/b>: Neem \u00e9 altamente eficaz contra uma ampla gama de insetos, incluindo mosquitos, moscas e \u00e1caros.<\/li>\n<li><b>Nematicida<\/b>: O neem tem propriedades nematicidas, tornando-o eficaz contra v\u00e1rios nematoides (lombrigas) que causam doen\u00e7as de plantas.<\/li>\n<li><b>Antidiab\u00e9tico<\/b>: O neem \u00e9 conhecido por possuir propriedades antidiab\u00e9ticas, ajudando a controlar os n\u00edveis de a\u00e7\u00facar no sangue e pode incentivar a produ\u00e7\u00e3o de insulina.<\/li>\n<li><b>Antiderm\u00e1tico<\/b>: Folhas, flores e frutos de Neem podem ajudar a tratar uma infinidade de doen\u00e7as de pele.<\/li>\n<\/ul>\n<h2 id=\"Precautio_6\" class=\"page-section\">Precau\u00e7\u00f5es<\/h2>\n<p>Algumas precau\u00e7\u00f5es a tomar ao utilizar Neem:<\/p>\n<ul>\n<li><b>Durante a gravidez e amamenta\u00e7\u00e3o<\/b>: Neem pode n\u00e3o ser seguro durante a gravidez e amamenta\u00e7\u00e3o. Portanto, as futuras mam\u00e3es e lactantes devem evitar tomar Neem em qualquer quantidade ou forma.<\/li>\n<li><b>Alergia<\/b>: Algumas pessoas podem ser al\u00e9rgicas ao Neem e sentir irrita\u00e7\u00e3o da pele, coceira e vermelhid\u00e3o. Se sentir quaisquer efeitos secund\u00e1rios, pare de utilizar Neem imediatamente.<\/li>\n<li><b>N\u00edveis de a\u00e7\u00facar no sangue<\/b>: Neem \u00e9 conhecido por reduzir os n\u00edveis de a\u00e7\u00facar no sangue. \u00c9 por isso que as pessoas com diabetes devem us\u00e1-lo com cautela e monitorar de perto seus n\u00edveis de a\u00e7\u00facar no sangue.<\/li>\n<li><b>Intera\u00e7\u00f5es medicamentosas<\/b>: Neem pode interagir com certos medicamentos, tais como diluentes de sangue. No caso de voc\u00ea estiver tomando algum medicamento, recomenda-se consultar com um m\u00e9dico antes de usar Neem.<\/li>\n<li><b>Dosagem<\/b>: \u00c9 crucial consumir Neem na dose recomendada, como tomar grandes doses pode levar a efeitos colaterais.<\/li>\n<\/ul>\n<p>PARTE USADA: folhas, semente, \u00f3leo e casca.<\/p>\n<p>QUALIDADE: leve, gordurosa.<\/p>\n<p>SABOR: amargo, adstringente.<\/p>\n<p>POT\u00caNCIA: fria.<\/p>\n<p>P\u00d3S-DIGESTIVO: picante.<\/p>\n<p>DOSHA:\u00a0 reduz Kapha\/ Pitta\u00a0 (em excesso aumenta Vata)<\/p>\n<p>DHATU: plasma, sangue, m\u00fasculo, gordura, reprodutivo.<\/p>\n<p>SROTA: circulat\u00f3rio, digestivo, urin\u00e1rio, respirat\u00f3rio, reprodutor.<\/p>\n<p>&nbsp;<\/p>\n","protected":false},"excerpt":{"rendered":"<p>NEMM, NIM, NIMBA (Azadirachta indica) Neem possui propriedades anti-inflamat\u00f3rias, antibacterianas e antioxidantes, tornando-se um rem\u00e9dio incr\u00edvel para o tratamento de v\u00e1rias condi\u00e7\u00f5es de pele. Adolescentes e adultos dependem de neem para al\u00edvio da acne e controle da inflama\u00e7\u00e3o da pele. Al\u00e9m disso, o uso de neem para clareamento da pele pode lhe dar resultados vis\u00edveis [&hellip;]<\/p>\n","protected":false},"featured_media":3097,"comment_status":"open","ping_status":"closed","template":"","meta":{"site-sidebar-layout":"default","site-content-layout":"","ast-site-content-layout":"default","site-content-style":"default","site-sidebar-style":"default","ast-global-header-display":"","ast-banner-title-visibility":"","ast-main-header-display":"","ast-hfb-above-header-display":"","ast-hfb-below-header-display":"","ast-hfb-mobile-header-display":"","site-post-title":"","ast-breadcrumbs-content":"","ast-featured-img":"","footer-sml-layout":"","theme-transparent-header-meta":"default","adv-header-id-meta":"","stick-header-meta":"","header-above-stick-meta":"","header-main-stick-meta":"","header-below-stick-meta":"","astra-migrate-meta-layouts":"set","ast-page-background-enabled":"default","ast-page-background-meta":{"desktop":{"background-color":"","background-image":"","background-repeat":"repeat","background-position":"center center","background-size":"auto","background-attachment":"scroll","background-type":"","background-media":"","overlay-type":"","overlay-color":"","overlay-opacity":"","overlay-gradient":""},"tablet":{"background-color":"","background-image":"","background-repeat":"repeat","background-position":"center center","background-size":"auto","background-attachment":"scroll","background-type":"","background-media":"","overlay-type":"","overlay-color":"","overlay-opacity":"","overlay-gradient":""},"mobile":{"background-color":"","background-image":"","background-repeat":"repeat","background-position":"center center","background-size":"auto","background-attachment":"scroll","background-type":"","background-media":"","overlay-type":"","overlay-color":"","overlay-opacity":"","overlay-gradient":""}},"ast-content-background-meta":{"desktop":{"background-color":"var(--ast-global-color-5)","background-image":"","background-repeat":"repeat","background-position":"center center","background-size":"auto","background-attachment":"scroll","background-type":"","background-media":"","overlay-type":"","overlay-color":"","overlay-opacity":"","overlay-gradient":""},"tablet":{"background-color":"var(--ast-global-color-5)","background-image":"","background-repeat":"repeat","background-position":"center center","background-size":"auto","background-attachment":"scroll","background-type":"","background-media":"","overlay-type":"","overlay-color":"","overlay-opacity":"","overlay-gradient":""},"mobile":{"background-color":"var(--ast-global-color-5)","background-image":"","background-repeat":"repeat","background-position":"center center","background-size":"auto","background-attachment":"scroll","background-type":"","background-media":"","overlay-type":"","overlay-color":"","overlay-opacity":"","overlay-gradient":""}}},"product_brand":[],"product_cat":[17],"product_tag":[],"class_list":{"0":"post-2270","1":"product","2":"type-product","3":"status-publish","4":"has-post-thumbnail","6":"product_cat-linha-de-chas-especiarias-e-massalas","7":"desktop-align-left","8":"tablet-align-left","9":"mobile-align-center","10":"ast-product-gallery-layout-horizontal-slider","11":"ast-product-tabs-layout-horizontal","13":"first","14":"instock","15":"shipping-taxable","16":"purchasable","17":"product-type-simple"},"_links":{"self":[{"href":"https:\/\/doshasemporio.com.br\/index.php\/wp-json\/wp\/v2\/product\/2270","targetHints":{"allow":["GET"]}}],"collection":[{"href":"https:\/\/doshasemporio.com.br\/index.php\/wp-json\/wp\/v2\/product"}],"about":[{"href":"https:\/\/doshasemporio.com.br\/index.php\/wp-json\/wp\/v2\/types\/product"}],"replies":[{"embeddable":true,"href":"https:\/\/doshasemporio.com.br\/index.php\/wp-json\/wp\/v2\/comments?post=2270"}],"wp:featuredmedia":[{"embeddable":true,"href":"https:\/\/doshasemporio.com.br\/index.php\/wp-json\/wp\/v2\/media\/3097"}],"wp:attachment":[{"href":"https:\/\/doshasemporio.com.br\/index.php\/wp-json\/wp\/v2\/media?parent=2270"}],"wp:term":[{"taxonomy":"product_brand","embeddable":true,"href":"https:\/\/doshasemporio.com.br\/index.php\/wp-json\/wp\/v2\/product_brand?post=2270"},{"taxonomy":"product_cat","embeddable":true,"href":"https:\/\/doshasemporio.com.br\/index.php\/wp-json\/wp\/v2\/product_cat?post=2270"},{"taxonomy":"product_tag","embeddable":true,"href":"https:\/\/doshasemporio.com.br\/index.php\/wp-json\/wp\/v2\/product_tag?post=2270"}],"curies":[{"name":"wp","href":"https:\/\/api.w.org\/{rel}","templated":true}]}}