{"id":1941,"date":"2024-01-04T16:53:23","date_gmt":"2024-01-04T19:53:23","guid":{"rendered":"https:\/\/doshasemporio.com.br\/?post_type=product&#038;p=1941"},"modified":"2025-12-24T13:07:02","modified_gmt":"2025-12-24T16:07:02","slug":"raspador-kids-100-cobre","status":"publish","type":"product","link":"https:\/\/doshasemporio.com.br\/index.php\/produto\/raspador-kids-100-cobre\/","title":{"rendered":"Raspador Kids 100% cobre"},"content":{"rendered":"<p>Raspar a l\u00edngua \u00e9 uma das pr\u00e1ticas do Ayurveda que quando a gente come\u00e7a a gente se pergunta \u201cComo \u00e9 que eu vivia sem fazer isto?\u201d<\/p>\n<p><strong>Para os pequenos \u00e9 extremamente preventivo pois ajuda a construir sa\u00fade a longo prazo.<\/strong><\/p>\n<p>\u00c9 uma pr\u00e1tica do Dinacharya, a rotina di\u00e1ria do Ayurveda e tamb\u00e9m \u00e9 a primeira delas pois fazemos pela manh\u00e3 assim que acordamos.<\/p>\n<p>Raspar a l\u00edngua remove da superf\u00edcie da l\u00edngua resto de alimentos, bact\u00e9rias, fungos e toxinas que ficam ali no que chamamos de saburra; uma capa branca que envolve a l\u00edngua.<\/p>\n<p>Quando dormimos nosso corpo procura remover toxinas e res\u00edduos da m\u00e1 digest\u00e3o e<br \/>\nparte dessas toxinas s\u00e3o depositadas na l\u00edngua.<\/p>\n<p>Sem a raspagem pela manh\u00e3, vamos reabsorver o que o corpo sabiamente expulsou.<\/p>\n<p>Quando engolimos as toxinas podemos agravar problemas digestivos e respirat\u00f3rios.<\/p>\n<p><strong>Modo de usar:<\/strong> Diante do espelho, segure as extremidades do raspador com as duas m\u00e3os, coloque a l\u00edngua para fora e o raspador l\u00e1 no fundo da l\u00edngua e ent\u00e3o raspe a superf\u00edcie de 2 a 3 vezes.<\/p>\n<p><strong>Mas e quando os pequenos s\u00e3o muito pequenos?<\/strong><\/p>\n<p>Pe\u00e7a para seu filho(a) tentar ele(a) mesmo(a).<\/p>\n<p>Come\u00e7a devagar, aos pouquinhos pela pontinha da l\u00edngua, aos poucos e com o tempo v\u00e1 avan\u00e7ando at\u00e9 o fundo. \u00c9 importante ir devagar com os pequenos; \u00e9 para ser bom \ud83d\ude09<\/p>\n<p><strong>Benef\u00edcios de raspar a l\u00edngua:<\/strong><\/p>\n<ul>\n<li>remove da superf\u00edcie da l\u00edngua resto de alimentos, bact\u00e9rias e fungos.<\/li>\n<li>ajuda a prevenir c\u00e1ries.<\/li>\n<li>ajuda a prevenir e tratar o mau-h\u00e1lito.<\/li>\n<li>Ajuda nosso Agni (fogo digestivo).<\/li>\n<li>Ajuda a eliminar Ama (toxinas).<\/li>\n<li>Limpa as papilas gustativas.<\/li>\n<\/ul>\n<p>Cuide-se com Ayurveda.<\/p>\n","protected":false},"excerpt":{"rendered":"<p>Raspar a l\u00edngua \u00e9 uma das pr\u00e1ticas do Ayurveda que quando a gente come\u00e7a a gente se pergunta \u201cComo \u00e9 que eu vivia sem fazer isto?\u201d Para os pequenos \u00e9 extremamente preventivo pois ajuda a construir sa\u00fade a longo prazo. \u00c9 uma pr\u00e1tica do Dinacharya, a rotina di\u00e1ria do Ayurveda e tamb\u00e9m \u00e9 a primeira [&hellip;]<\/p>\n","protected":false},"featured_media":2624,"comment_status":"open","ping_status":"closed","template":"","meta":{"site-sidebar-layout":"default","site-content-layout":"","ast-site-content-layout":"default","site-content-style":"default","site-sidebar-style":"default","ast-global-header-display":"","ast-banner-title-visibility":"","ast-main-header-display":"","ast-hfb-above-header-display":"","ast-hfb-below-header-display":"","ast-hfb-mobile-header-display":"","site-post-title":"","ast-breadcrumbs-content":"","ast-featured-img":"","footer-sml-layout":"","theme-transparent-header-meta":"default","adv-header-id-meta":"","stick-header-meta":"","header-above-stick-meta":"","header-main-stick-meta":"","header-below-stick-meta":"","astra-migrate-meta-layouts":"set","ast-page-background-enabled":"default","ast-page-background-meta":{"desktop":{"background-color":"","background-image":"","background-repeat":"repeat","background-position":"center center","background-size":"auto","background-attachment":"scroll","background-type":"","background-media":"","overlay-type":"","overlay-color":"","overlay-opacity":"","overlay-gradient":""},"tablet":{"background-color":"","background-image":"","background-repeat":"repeat","background-position":"center center","background-size":"auto","background-attachment":"scroll","background-type":"","background-media":"","overlay-type":"","overlay-color":"","overlay-opacity":"","overlay-gradient":""},"mobile":{"background-color":"","background-image":"","background-repeat":"repeat","background-position":"center center","background-size":"auto","background-attachment":"scroll","background-type":"","background-media":"","overlay-type":"","overlay-color":"","overlay-opacity":"","overlay-gradient":""}},"ast-content-background-meta":{"desktop":{"background-color":"var(--ast-global-color-5)","background-image":"","background-repeat":"repeat","background-position":"center center","background-size":"auto","background-attachment":"scroll","background-type":"","background-media":"","overlay-type":"","overlay-color":"","overlay-opacity":"","overlay-gradient":""},"tablet":{"background-color":"var(--ast-global-color-5)","background-image":"","background-repeat":"repeat","background-position":"center center","background-size":"auto","background-attachment":"scroll","background-type":"","background-media":"","overlay-type":"","overlay-color":"","overlay-opacity":"","overlay-gradient":""},"mobile":{"background-color":"var(--ast-global-color-5)","background-image":"","background-repeat":"repeat","background-position":"center center","background-size":"auto","background-attachment":"scroll","background-type":"","background-media":"","overlay-type":"","overlay-color":"","overlay-opacity":"","overlay-gradient":""}}},"product_brand":[],"product_cat":[26],"product_tag":[],"class_list":{"0":"post-1941","1":"product","2":"type-product","3":"status-publish","4":"has-post-thumbnail","6":"product_cat-dinacharya-rotina-diaria","7":"desktop-align-left","8":"tablet-align-left","9":"mobile-align-center","10":"ast-product-gallery-layout-horizontal-slider","11":"ast-product-tabs-layout-horizontal","13":"first","14":"outofstock","15":"shipping-taxable","16":"purchasable","17":"product-type-simple"},"_links":{"self":[{"href":"https:\/\/doshasemporio.com.br\/index.php\/wp-json\/wp\/v2\/product\/1941","targetHints":{"allow":["GET"]}}],"collection":[{"href":"https:\/\/doshasemporio.com.br\/index.php\/wp-json\/wp\/v2\/product"}],"about":[{"href":"https:\/\/doshasemporio.com.br\/index.php\/wp-json\/wp\/v2\/types\/product"}],"replies":[{"embeddable":true,"href":"https:\/\/doshasemporio.com.br\/index.php\/wp-json\/wp\/v2\/comments?post=1941"}],"wp:featuredmedia":[{"embeddable":true,"href":"https:\/\/doshasemporio.com.br\/index.php\/wp-json\/wp\/v2\/media\/2624"}],"wp:attachment":[{"href":"https:\/\/doshasemporio.com.br\/index.php\/wp-json\/wp\/v2\/media?parent=1941"}],"wp:term":[{"taxonomy":"product_brand","embeddable":true,"href":"https:\/\/doshasemporio.com.br\/index.php\/wp-json\/wp\/v2\/product_brand?post=1941"},{"taxonomy":"product_cat","embeddable":true,"href":"https:\/\/doshasemporio.com.br\/index.php\/wp-json\/wp\/v2\/product_cat?post=1941"},{"taxonomy":"product_tag","embeddable":true,"href":"https:\/\/doshasemporio.com.br\/index.php\/wp-json\/wp\/v2\/product_tag?post=1941"}],"curies":[{"name":"wp","href":"https:\/\/api.w.org\/{rel}","templated":true}]}}