{"id":1171,"date":"2023-11-11T08:57:45","date_gmt":"2023-11-11T11:57:45","guid":{"rendered":"https:\/\/doshasemporio.com.br\/?post_type=product&#038;p=1171"},"modified":"2026-03-16T07:17:40","modified_gmt":"2026-03-16T10:17:40","slug":"bringaraj-taila-2","status":"publish","type":"product","link":"https:\/\/doshasemporio.com.br\/index.php\/produto\/bringaraj-taila-2\/","title":{"rendered":"Bringaraj Taila &#8211; Atua no crescimento dos cabelos"},"content":{"rendered":"<p>BRINGARAJ TAILA\u00a0 &#8211; \u00f3leo capilar<\/p>\n<p>Traduzido como \u201cRei do cabelo\u201d<br \/>\nA mais poderosa erva ayurv\u00e9dica para queda de cabelo, alopecia e envelhecimento prematuro.<\/p>\n<p>O Bringaraj \u00e9 feito com \u00f3leo de coco natural prensado a frio e medicado com Bringaraj.<\/p>\n<p>O \u00f3leo de coco tem sua pot\u00eancia resfriadora e por isto \u00e9 usado em tratamentos capilares que s\u00e3o na maioria das vezes causados pelo aumento de Pitta (calor) na cabe\u00e7a. Por esse motivo o \u00f3leo de coco \u00e9 a base deste medicamento pois resfria e pacifica Pitta na cabe\u00e7a.<\/p>\n<p>Revitaliza o couro cabeludo e incentiva o crescimento de uma cabe\u00e7a cheia e luxuosa de cabelo.<\/p>\n<p><strong>Modo de usar:<\/strong><\/p>\n<p>Aplique no couro cabeludo e deixe agir por algumas horas.<\/p>\n","protected":false},"excerpt":{"rendered":"<p>BRINGARAJ TAILA\u00a0 &#8211; \u00f3leo capilar Traduzido como \u201cRei do cabelo\u201d A mais poderosa erva ayurv\u00e9dica para queda de cabelo, alopecia e envelhecimento prematuro. O Bringaraj \u00e9 feito com \u00f3leo de coco natural prensado a frio e medicado com Bringaraj. O \u00f3leo de coco tem sua pot\u00eancia resfriadora e por isto \u00e9 usado em tratamentos capilares [&hellip;]<\/p>\n","protected":false},"featured_media":2632,"comment_status":"open","ping_status":"closed","template":"","meta":{"site-sidebar-layout":"default","site-content-layout":"","ast-site-content-layout":"default","site-content-style":"default","site-sidebar-style":"default","ast-global-header-display":"","ast-banner-title-visibility":"","ast-main-header-display":"","ast-hfb-above-header-display":"","ast-hfb-below-header-display":"","ast-hfb-mobile-header-display":"","site-post-title":"","ast-breadcrumbs-content":"","ast-featured-img":"","footer-sml-layout":"","theme-transparent-header-meta":"default","adv-header-id-meta":"","stick-header-meta":"","header-above-stick-meta":"","header-main-stick-meta":"","header-below-stick-meta":"","astra-migrate-meta-layouts":"set","ast-page-background-enabled":"default","ast-page-background-meta":{"desktop":{"background-color":"","background-image":"","background-repeat":"repeat","background-position":"center center","background-size":"auto","background-attachment":"scroll","background-type":"","background-media":"","overlay-type":"","overlay-color":"","overlay-opacity":"","overlay-gradient":""},"tablet":{"background-color":"","background-image":"","background-repeat":"repeat","background-position":"center center","background-size":"auto","background-attachment":"scroll","background-type":"","background-media":"","overlay-type":"","overlay-color":"","overlay-opacity":"","overlay-gradient":""},"mobile":{"background-color":"","background-image":"","background-repeat":"repeat","background-position":"center center","background-size":"auto","background-attachment":"scroll","background-type":"","background-media":"","overlay-type":"","overlay-color":"","overlay-opacity":"","overlay-gradient":""}},"ast-content-background-meta":{"desktop":{"background-color":"var(--ast-global-color-5)","background-image":"","background-repeat":"repeat","background-position":"center center","background-size":"auto","background-attachment":"scroll","background-type":"","background-media":"","overlay-type":"","overlay-color":"","overlay-opacity":"","overlay-gradient":""},"tablet":{"background-color":"var(--ast-global-color-5)","background-image":"","background-repeat":"repeat","background-position":"center center","background-size":"auto","background-attachment":"scroll","background-type":"","background-media":"","overlay-type":"","overlay-color":"","overlay-opacity":"","overlay-gradient":""},"mobile":{"background-color":"var(--ast-global-color-5)","background-image":"","background-repeat":"repeat","background-position":"center center","background-size":"auto","background-attachment":"scroll","background-type":"","background-media":"","overlay-type":"","overlay-color":"","overlay-opacity":"","overlay-gradient":""}}},"product_brand":[],"product_cat":[27],"product_tag":[],"class_list":{"0":"post-1171","1":"product","2":"type-product","3":"status-publish","4":"has-post-thumbnail","6":"product_cat-oleos-medicados","7":"desktop-align-left","8":"tablet-align-left","9":"mobile-align-center","10":"ast-product-gallery-layout-horizontal-slider","11":"ast-product-tabs-layout-horizontal","13":"first","14":"outofstock","15":"shipping-taxable","16":"purchasable","17":"product-type-simple"},"_links":{"self":[{"href":"https:\/\/doshasemporio.com.br\/index.php\/wp-json\/wp\/v2\/product\/1171","targetHints":{"allow":["GET"]}}],"collection":[{"href":"https:\/\/doshasemporio.com.br\/index.php\/wp-json\/wp\/v2\/product"}],"about":[{"href":"https:\/\/doshasemporio.com.br\/index.php\/wp-json\/wp\/v2\/types\/product"}],"replies":[{"embeddable":true,"href":"https:\/\/doshasemporio.com.br\/index.php\/wp-json\/wp\/v2\/comments?post=1171"}],"wp:featuredmedia":[{"embeddable":true,"href":"https:\/\/doshasemporio.com.br\/index.php\/wp-json\/wp\/v2\/media\/2632"}],"wp:attachment":[{"href":"https:\/\/doshasemporio.com.br\/index.php\/wp-json\/wp\/v2\/media?parent=1171"}],"wp:term":[{"taxonomy":"product_brand","embeddable":true,"href":"https:\/\/doshasemporio.com.br\/index.php\/wp-json\/wp\/v2\/product_brand?post=1171"},{"taxonomy":"product_cat","embeddable":true,"href":"https:\/\/doshasemporio.com.br\/index.php\/wp-json\/wp\/v2\/product_cat?post=1171"},{"taxonomy":"product_tag","embeddable":true,"href":"https:\/\/doshasemporio.com.br\/index.php\/wp-json\/wp\/v2\/product_tag?post=1171"}],"curies":[{"name":"wp","href":"https:\/\/api.w.org\/{rel}","templated":true}]}}