{"id":1170,"date":"2023-11-11T08:56:11","date_gmt":"2023-11-11T11:56:11","guid":{"rendered":"https:\/\/doshasemporio.com.br\/?post_type=product&#038;p=1170"},"modified":"2026-03-14T16:55:04","modified_gmt":"2026-03-14T19:55:04","slug":"shatavari-taila-3","status":"publish","type":"product","link":"https:\/\/doshasemporio.com.br\/index.php\/produto\/shatavari-taila-3\/","title":{"rendered":"Shatavari Taila &#8211; Sa\u00fade feminina"},"content":{"rendered":"<p>Tamb\u00e9m conhecida como <em>\u201cCuradora de cem doen\u00e7as\u201d<\/em> ou <em>\u201cAquela que possui cem maridos\u201d<\/em><\/p>\n<p>O \u00f3leo medicado com Shatavari \u00e9 o principal t\u00f4nico da fertilidade e do rejuvenescimento da sa\u00fade feminina.<\/p>\n<p><strong>Benef\u00edcios:<\/strong><\/p>\n<ul>\n<li>Aumenta a fertilidade e o desejo.<\/li>\n<li>Promove for\u00e7a e equilibra os horm\u00f4nios.<\/li>\n<li>Devolve aos \u00f3rg\u00e3os sexuais a umidade natural.<\/li>\n<li>Ajuda a tratar os desequil\u00edbrios da menopausa e de menstrua\u00e7\u00f5es dif\u00edceis.<\/li>\n<\/ul>\n<p><strong>Modo de usar:<\/strong><\/p>\n<p>Aque\u00e7a o \u00f3leo em banho-maria e passe com movimentos circulares na regi\u00e3o do \u00fatero.<\/p>\n","protected":false},"excerpt":{"rendered":"<p>Tamb\u00e9m conhecida como \u201cCuradora de cem doen\u00e7as\u201d ou \u201cAquela que possui cem maridos\u201d O \u00f3leo medicado com Shatavari \u00e9 o principal t\u00f4nico da fertilidade e do rejuvenescimento da sa\u00fade feminina. Benef\u00edcios: Aumenta a fertilidade e o desejo. Promove for\u00e7a e equilibra os horm\u00f4nios. Devolve aos \u00f3rg\u00e3os sexuais a umidade natural. Ajuda a tratar os desequil\u00edbrios [&hellip;]<\/p>\n","protected":false},"featured_media":2630,"comment_status":"open","ping_status":"closed","template":"","meta":{"site-sidebar-layout":"default","site-content-layout":"","ast-site-content-layout":"default","site-content-style":"default","site-sidebar-style":"default","ast-global-header-display":"","ast-banner-title-visibility":"","ast-main-header-display":"","ast-hfb-above-header-display":"","ast-hfb-below-header-display":"","ast-hfb-mobile-header-display":"","site-post-title":"","ast-breadcrumbs-content":"","ast-featured-img":"","footer-sml-layout":"","theme-transparent-header-meta":"default","adv-header-id-meta":"","stick-header-meta":"","header-above-stick-meta":"","header-main-stick-meta":"","header-below-stick-meta":"","astra-migrate-meta-layouts":"set","ast-page-background-enabled":"default","ast-page-background-meta":{"desktop":{"background-color":"","background-image":"","background-repeat":"repeat","background-position":"center center","background-size":"auto","background-attachment":"scroll","background-type":"","background-media":"","overlay-type":"","overlay-color":"","overlay-opacity":"","overlay-gradient":""},"tablet":{"background-color":"","background-image":"","background-repeat":"repeat","background-position":"center center","background-size":"auto","background-attachment":"scroll","background-type":"","background-media":"","overlay-type":"","overlay-color":"","overlay-opacity":"","overlay-gradient":""},"mobile":{"background-color":"","background-image":"","background-repeat":"repeat","background-position":"center center","background-size":"auto","background-attachment":"scroll","background-type":"","background-media":"","overlay-type":"","overlay-color":"","overlay-opacity":"","overlay-gradient":""}},"ast-content-background-meta":{"desktop":{"background-color":"var(--ast-global-color-5)","background-image":"","background-repeat":"repeat","background-position":"center center","background-size":"auto","background-attachment":"scroll","background-type":"","background-media":"","overlay-type":"","overlay-color":"","overlay-opacity":"","overlay-gradient":""},"tablet":{"background-color":"var(--ast-global-color-5)","background-image":"","background-repeat":"repeat","background-position":"center center","background-size":"auto","background-attachment":"scroll","background-type":"","background-media":"","overlay-type":"","overlay-color":"","overlay-opacity":"","overlay-gradient":""},"mobile":{"background-color":"var(--ast-global-color-5)","background-image":"","background-repeat":"repeat","background-position":"center center","background-size":"auto","background-attachment":"scroll","background-type":"","background-media":"","overlay-type":"","overlay-color":"","overlay-opacity":"","overlay-gradient":""}}},"product_brand":[],"product_cat":[27],"product_tag":[],"class_list":{"0":"post-1170","1":"product","2":"type-product","3":"status-publish","4":"has-post-thumbnail","6":"product_cat-oleos-medicados","7":"desktop-align-left","8":"tablet-align-left","9":"mobile-align-center","10":"ast-product-gallery-layout-horizontal-slider","11":"ast-product-tabs-layout-horizontal","13":"first","14":"instock","15":"sale","16":"shipping-taxable","17":"purchasable","18":"product-type-simple"},"_links":{"self":[{"href":"https:\/\/doshasemporio.com.br\/index.php\/wp-json\/wp\/v2\/product\/1170","targetHints":{"allow":["GET"]}}],"collection":[{"href":"https:\/\/doshasemporio.com.br\/index.php\/wp-json\/wp\/v2\/product"}],"about":[{"href":"https:\/\/doshasemporio.com.br\/index.php\/wp-json\/wp\/v2\/types\/product"}],"replies":[{"embeddable":true,"href":"https:\/\/doshasemporio.com.br\/index.php\/wp-json\/wp\/v2\/comments?post=1170"}],"wp:featuredmedia":[{"embeddable":true,"href":"https:\/\/doshasemporio.com.br\/index.php\/wp-json\/wp\/v2\/media\/2630"}],"wp:attachment":[{"href":"https:\/\/doshasemporio.com.br\/index.php\/wp-json\/wp\/v2\/media?parent=1170"}],"wp:term":[{"taxonomy":"product_brand","embeddable":true,"href":"https:\/\/doshasemporio.com.br\/index.php\/wp-json\/wp\/v2\/product_brand?post=1170"},{"taxonomy":"product_cat","embeddable":true,"href":"https:\/\/doshasemporio.com.br\/index.php\/wp-json\/wp\/v2\/product_cat?post=1170"},{"taxonomy":"product_tag","embeddable":true,"href":"https:\/\/doshasemporio.com.br\/index.php\/wp-json\/wp\/v2\/product_tag?post=1170"}],"curies":[{"name":"wp","href":"https:\/\/api.w.org\/{rel}","templated":true}]}}