{"id":1080,"date":"2023-11-08T17:32:38","date_gmt":"2023-11-08T20:32:38","guid":{"rendered":"https:\/\/doshasemporio.com.br\/?post_type=product&#038;p=1080"},"modified":"2026-03-15T09:48:05","modified_gmt":"2026-03-15T12:48:05","slug":"shatavari-100g","status":"publish","type":"product","link":"https:\/\/doshasemporio.com.br\/index.php\/produto\/shatavari-100g\/","title":{"rendered":"Shatavari Churna indiano 100g"},"content":{"rendered":"<p>Se traduz como <em>\u201cAquela que possui cem maridos\u201d<\/em><\/p>\n<ul>\n<li>\u00c9 conhecida como a rainha das ervas, curadora de cem doen\u00e7as.<\/li>\n<li>Tem sido usada por milhares de anos como afrodis\u00edaco e rejuvenescedora pois promove for\u00e7a, juventude, mem\u00f3ria e intelig\u00eancia.<\/li>\n<li>\u00c9 uma ben\u00e7\u00e3o para mulheres em qualquer fase de suas vidas e \u00e9 edificante para o cora\u00e7\u00e3o.<\/li>\n<li>Equilibra os horm\u00f4nios.<\/li>\n<li>Alivia sintomas da TPM.<\/li>\n<li>Aumenta o desejo.<\/li>\n<li>Devolve a umidade aos \u00f3rg\u00e3os sexuais.<\/li>\n<li>Restabelece o equil\u00edbrio quando corpo e mente est\u00e3o exauridos.<\/li>\n<li>Auxilia com os sintomas da menopausa, melhorando a qualidade do sono, das altera\u00e7\u00f5es de humor, da falta de concentra\u00e7\u00e3o e da secura generalizada.<\/li>\n<li>Shatavari \u00e9 respeitado por cuidar das mulheres.<\/li>\n<\/ul>\n<p>&gt;&gt;&gt; caso precise de orienta\u00e7\u00f5es quanto ao uso espec\u00edfico deste produto, ou quer otimizar seus efeitos com outras pr\u00e1ticas sugeridas de Ayurveda, <strong>agende uma consulta on-line no campo consultas.<\/strong><\/p>\n","protected":false},"excerpt":{"rendered":"<p>Se traduz como \u201cAquela que possui cem maridos\u201d \u00c9 conhecida como a rainha das ervas, curadora de cem doen\u00e7as. Tem sido usada por milhares de anos como afrodis\u00edaco e rejuvenescedora pois promove for\u00e7a, juventude, mem\u00f3ria e intelig\u00eancia. \u00c9 uma ben\u00e7\u00e3o para mulheres em qualquer fase de suas vidas e \u00e9 edificante para o cora\u00e7\u00e3o. Equilibra [&hellip;]<\/p>\n","protected":false},"featured_media":3099,"comment_status":"open","ping_status":"closed","template":"","meta":{"site-sidebar-layout":"default","site-content-layout":"","ast-site-content-layout":"default","site-content-style":"default","site-sidebar-style":"default","ast-global-header-display":"","ast-banner-title-visibility":"","ast-main-header-display":"","ast-hfb-above-header-display":"","ast-hfb-below-header-display":"","ast-hfb-mobile-header-display":"","site-post-title":"","ast-breadcrumbs-content":"","ast-featured-img":"","footer-sml-layout":"","theme-transparent-header-meta":"default","adv-header-id-meta":"","stick-header-meta":"","header-above-stick-meta":"","header-main-stick-meta":"","header-below-stick-meta":"","astra-migrate-meta-layouts":"set","ast-page-background-enabled":"default","ast-page-background-meta":{"desktop":{"background-color":"","background-image":"","background-repeat":"repeat","background-position":"center center","background-size":"auto","background-attachment":"scroll","background-type":"","background-media":"","overlay-type":"","overlay-color":"","overlay-opacity":"","overlay-gradient":""},"tablet":{"background-color":"","background-image":"","background-repeat":"repeat","background-position":"center center","background-size":"auto","background-attachment":"scroll","background-type":"","background-media":"","overlay-type":"","overlay-color":"","overlay-opacity":"","overlay-gradient":""},"mobile":{"background-color":"","background-image":"","background-repeat":"repeat","background-position":"center center","background-size":"auto","background-attachment":"scroll","background-type":"","background-media":"","overlay-type":"","overlay-color":"","overlay-opacity":"","overlay-gradient":""}},"ast-content-background-meta":{"desktop":{"background-color":"var(--ast-global-color-5)","background-image":"","background-repeat":"repeat","background-position":"center center","background-size":"auto","background-attachment":"scroll","background-type":"","background-media":"","overlay-type":"","overlay-color":"","overlay-opacity":"","overlay-gradient":""},"tablet":{"background-color":"var(--ast-global-color-5)","background-image":"","background-repeat":"repeat","background-position":"center center","background-size":"auto","background-attachment":"scroll","background-type":"","background-media":"","overlay-type":"","overlay-color":"","overlay-opacity":"","overlay-gradient":""},"mobile":{"background-color":"var(--ast-global-color-5)","background-image":"","background-repeat":"repeat","background-position":"center center","background-size":"auto","background-attachment":"scroll","background-type":"","background-media":"","overlay-type":"","overlay-color":"","overlay-opacity":"","overlay-gradient":""}}},"product_brand":[],"product_cat":[17],"product_tag":[],"class_list":{"0":"post-1080","1":"product","2":"type-product","3":"status-publish","4":"has-post-thumbnail","6":"product_cat-linha-de-chas-especiarias-e-massalas","7":"desktop-align-left","8":"tablet-align-left","9":"mobile-align-center","10":"ast-product-gallery-layout-horizontal-slider","11":"ast-product-tabs-layout-horizontal","13":"first","14":"instock","15":"shipping-taxable","16":"purchasable","17":"product-type-simple"},"_links":{"self":[{"href":"https:\/\/doshasemporio.com.br\/index.php\/wp-json\/wp\/v2\/product\/1080","targetHints":{"allow":["GET"]}}],"collection":[{"href":"https:\/\/doshasemporio.com.br\/index.php\/wp-json\/wp\/v2\/product"}],"about":[{"href":"https:\/\/doshasemporio.com.br\/index.php\/wp-json\/wp\/v2\/types\/product"}],"replies":[{"embeddable":true,"href":"https:\/\/doshasemporio.com.br\/index.php\/wp-json\/wp\/v2\/comments?post=1080"}],"wp:featuredmedia":[{"embeddable":true,"href":"https:\/\/doshasemporio.com.br\/index.php\/wp-json\/wp\/v2\/media\/3099"}],"wp:attachment":[{"href":"https:\/\/doshasemporio.com.br\/index.php\/wp-json\/wp\/v2\/media?parent=1080"}],"wp:term":[{"taxonomy":"product_brand","embeddable":true,"href":"https:\/\/doshasemporio.com.br\/index.php\/wp-json\/wp\/v2\/product_brand?post=1080"},{"taxonomy":"product_cat","embeddable":true,"href":"https:\/\/doshasemporio.com.br\/index.php\/wp-json\/wp\/v2\/product_cat?post=1080"},{"taxonomy":"product_tag","embeddable":true,"href":"https:\/\/doshasemporio.com.br\/index.php\/wp-json\/wp\/v2\/product_tag?post=1080"}],"curies":[{"name":"wp","href":"https:\/\/api.w.org\/{rel}","templated":true}]}}