{"id":1043,"date":"2023-11-08T07:54:55","date_gmt":"2023-11-08T10:54:55","guid":{"rendered":"https:\/\/doshasemporio.com.br\/?post_type=product&#038;p=1043"},"modified":"2026-03-19T17:12:06","modified_gmt":"2026-03-19T20:12:06","slug":"oleo-de-gergelim-2","status":"publish","type":"product","link":"https:\/\/doshasemporio.com.br\/index.php\/produto\/oleo-de-gergelim-2\/","title":{"rendered":"\u00d3leo de Gergelim S\u00e9samo Real 1 Litro"},"content":{"rendered":"<p>Um dos recursos mais importantes da medicina ayurv\u00e9dica. O \u00f3leo de gergelim \u00e9 chamado de ouro l\u00edquido e tem um lugar de honra entre os rem\u00e9dios.<\/p>\n<ul>\n<li>Um dos melhores rem\u00e9dios para equilibrar Vata, \u00e9 altamente nutritivo sendo muito ben\u00e9fico para c\u00e9rebro e o sistema nervoso.<\/li>\n<li>Reduz o estresse, a tens\u00e3o, fadiga e ins\u00f4nia trazendo for\u00e7a e vitalidade para a sa\u00fade da mulher.<\/li>\n<li>Retarda o envelhecimento e restaura a umidade da pele mantendo-a macia e flex\u00edvel com uma apar\u00eancia jovem.<\/li>\n<li>O \u00f3leo de gergelim tamb\u00e9m expulsa do corpo as toxinas quando usado com regularidade por isto faz parte da rotina di\u00e1ria.<\/li>\n<li>Excelente op\u00e7\u00e3o para uso culin\u00e1rio podendo ser usado tamb\u00e9m em altas temperaturas.<\/li>\n<\/ul>\n<p><strong>Modo de usar:<\/strong><br \/>\nAque\u00e7a o \u00f3leo em banho-maria e passe por toda a pele come\u00e7ando pelo topo da cabe\u00e7a e descendo para as extremidades. Deixe o \u00f3leo no corpo por alguns minutos e remova em banho morno.<\/p>\n","protected":false},"excerpt":{"rendered":"<p>Um dos recursos mais importantes da medicina ayurv\u00e9dica. O \u00f3leo de gergelim \u00e9 chamado de ouro l\u00edquido e tem um lugar de honra entre os rem\u00e9dios. Um dos melhores rem\u00e9dios para equilibrar Vata, \u00e9 altamente nutritivo sendo muito ben\u00e9fico para c\u00e9rebro e o sistema nervoso. Reduz o estresse, a tens\u00e3o, fadiga e ins\u00f4nia trazendo for\u00e7a [&hellip;]<\/p>\n","protected":false},"featured_media":1688,"comment_status":"open","ping_status":"closed","template":"","meta":{"site-sidebar-layout":"default","site-content-layout":"","ast-site-content-layout":"default","site-content-style":"default","site-sidebar-style":"default","ast-global-header-display":"","ast-banner-title-visibility":"","ast-main-header-display":"","ast-hfb-above-header-display":"","ast-hfb-below-header-display":"","ast-hfb-mobile-header-display":"","site-post-title":"","ast-breadcrumbs-content":"","ast-featured-img":"","footer-sml-layout":"","theme-transparent-header-meta":"default","adv-header-id-meta":"","stick-header-meta":"","header-above-stick-meta":"","header-main-stick-meta":"","header-below-stick-meta":"","astra-migrate-meta-layouts":"set","ast-page-background-enabled":"default","ast-page-background-meta":{"desktop":{"background-color":"","background-image":"","background-repeat":"repeat","background-position":"center center","background-size":"auto","background-attachment":"scroll","background-type":"","background-media":"","overlay-type":"","overlay-color":"","overlay-opacity":"","overlay-gradient":""},"tablet":{"background-color":"","background-image":"","background-repeat":"repeat","background-position":"center center","background-size":"auto","background-attachment":"scroll","background-type":"","background-media":"","overlay-type":"","overlay-color":"","overlay-opacity":"","overlay-gradient":""},"mobile":{"background-color":"","background-image":"","background-repeat":"repeat","background-position":"center center","background-size":"auto","background-attachment":"scroll","background-type":"","background-media":"","overlay-type":"","overlay-color":"","overlay-opacity":"","overlay-gradient":""}},"ast-content-background-meta":{"desktop":{"background-color":"var(--ast-global-color-5)","background-image":"","background-repeat":"repeat","background-position":"center center","background-size":"auto","background-attachment":"scroll","background-type":"","background-media":"","overlay-type":"","overlay-color":"","overlay-opacity":"","overlay-gradient":""},"tablet":{"background-color":"var(--ast-global-color-5)","background-image":"","background-repeat":"repeat","background-position":"center center","background-size":"auto","background-attachment":"scroll","background-type":"","background-media":"","overlay-type":"","overlay-color":"","overlay-opacity":"","overlay-gradient":""},"mobile":{"background-color":"var(--ast-global-color-5)","background-image":"","background-repeat":"repeat","background-position":"center center","background-size":"auto","background-attachment":"scroll","background-type":"","background-media":"","overlay-type":"","overlay-color":"","overlay-opacity":"","overlay-gradient":""}}},"product_brand":[],"product_cat":[26,27],"product_tag":[],"class_list":{"0":"post-1043","1":"product","2":"type-product","3":"status-publish","4":"has-post-thumbnail","6":"product_cat-dinacharya-rotina-diaria","7":"product_cat-oleos-medicados","8":"desktop-align-left","9":"tablet-align-left","10":"mobile-align-center","11":"ast-product-gallery-layout-horizontal-slider","12":"ast-product-tabs-layout-horizontal","14":"first","15":"outofstock","16":"sale","17":"shipping-taxable","18":"purchasable","19":"product-type-simple"},"_links":{"self":[{"href":"https:\/\/doshasemporio.com.br\/index.php\/wp-json\/wp\/v2\/product\/1043","targetHints":{"allow":["GET"]}}],"collection":[{"href":"https:\/\/doshasemporio.com.br\/index.php\/wp-json\/wp\/v2\/product"}],"about":[{"href":"https:\/\/doshasemporio.com.br\/index.php\/wp-json\/wp\/v2\/types\/product"}],"replies":[{"embeddable":true,"href":"https:\/\/doshasemporio.com.br\/index.php\/wp-json\/wp\/v2\/comments?post=1043"}],"wp:featuredmedia":[{"embeddable":true,"href":"https:\/\/doshasemporio.com.br\/index.php\/wp-json\/wp\/v2\/media\/1688"}],"wp:attachment":[{"href":"https:\/\/doshasemporio.com.br\/index.php\/wp-json\/wp\/v2\/media?parent=1043"}],"wp:term":[{"taxonomy":"product_brand","embeddable":true,"href":"https:\/\/doshasemporio.com.br\/index.php\/wp-json\/wp\/v2\/product_brand?post=1043"},{"taxonomy":"product_cat","embeddable":true,"href":"https:\/\/doshasemporio.com.br\/index.php\/wp-json\/wp\/v2\/product_cat?post=1043"},{"taxonomy":"product_tag","embeddable":true,"href":"https:\/\/doshasemporio.com.br\/index.php\/wp-json\/wp\/v2\/product_tag?post=1043"}],"curies":[{"name":"wp","href":"https:\/\/api.w.org\/{rel}","templated":true}]}}