{"id":1249,"date":"2023-11-13T11:48:50","date_gmt":"2023-11-13T14:48:50","guid":{"rendered":"https:\/\/doshasemporio.com.br\/?page_id=1249"},"modified":"2023-11-13T12:04:46","modified_gmt":"2023-11-13T15:04:46","slug":"consultas","status":"publish","type":"page","link":"https:\/\/doshasemporio.com.br\/index.php\/consultas\/","title":{"rendered":"Consultas"},"content":{"rendered":"\t\t<div data-elementor-type=\"wp-page\" data-elementor-id=\"1249\" class=\"elementor elementor-1249\" data-elementor-post-type=\"page\">\n\t\t\t\t<div class=\"elementor-element elementor-element-f6fa9fb e-con-full e-flex e-con e-parent\" data-id=\"f6fa9fb\" data-element_type=\"container\" data-e-type=\"container\">\n\t\t\t\t<div class=\"elementor-element elementor-element-b7f4493 elementor-widget elementor-widget-image\" data-id=\"b7f4493\" data-element_type=\"widget\" data-e-type=\"widget\" data-widget_type=\"image.default\">\n\t\t\t\t<div class=\"elementor-widget-container\">\n\t\t\t\t\t\t\t\t\t\t\t\t\t\t\t<img fetchpriority=\"high\" decoding=\"async\" width=\"1024\" height=\"493\" src=\"https:\/\/doshasemporio.com.br\/wp-content\/uploads\/2023\/11\/personal-fitness-trainer-for-women-1.webp\" class=\"attachment-large size-large wp-image-1250\" alt=\"\" srcset=\"https:\/\/doshasemporio.com.br\/wp-content\/uploads\/2023\/11\/personal-fitness-trainer-for-women-1.webp 1024w, https:\/\/doshasemporio.com.br\/wp-content\/uploads\/2023\/11\/personal-fitness-trainer-for-women-1-300x144.webp 300w, https:\/\/doshasemporio.com.br\/wp-content\/uploads\/2023\/11\/personal-fitness-trainer-for-women-1-768x370.webp 768w, https:\/\/doshasemporio.com.br\/wp-content\/uploads\/2023\/11\/personal-fitness-trainer-for-women-1-600x289.webp 600w\" sizes=\"(max-width: 1024px) 100vw, 1024px\" \/>\t\t\t\t\t\t\t\t\t\t\t\t\t\t\t<\/div>\n\t\t\t\t<\/div>\n\t\t\t\t<\/div>\n\t\t<div class=\"elementor-element elementor-element-59e3576 e-flex e-con-boxed e-con e-parent\" data-id=\"59e3576\" data-element_type=\"container\" data-e-type=\"container\">\n\t\t\t\t\t<div class=\"e-con-inner\">\n\t\t\t\t<div class=\"elementor-element elementor-element-dbec4a9 elementor-widget elementor-widget-heading\" data-id=\"dbec4a9\" data-element_type=\"widget\" data-e-type=\"widget\" data-widget_type=\"heading.default\">\n\t\t\t\t<div class=\"elementor-widget-container\">\n\t\t\t\t\t<h2 class=\"elementor-heading-title elementor-size-default\">Consulta<\/h2>\t\t\t\t<\/div>\n\t\t\t\t<\/div>\n\t\t\t\t<div class=\"elementor-element elementor-element-3524545 elementor-widget elementor-widget-text-editor\" data-id=\"3524545\" data-element_type=\"widget\" data-e-type=\"widget\" data-widget_type=\"text-editor.default\">\n\t\t\t\t<div class=\"elementor-widget-container\">\n\t\t\t\t\t\t\t\t\t<p>Na primeira consulta s\u00e3o realizados:<\/p><ul><li>Diagn\u00f3stico ayurv\u00e9dico: identifica\u00e7\u00e3o do Dosha ou elementos em desequil\u00edbrio.<\/li><li>Direcionamento ayurv\u00e9dico, personalizado, entregue em no m\u00e1ximo uma semana, por e-mail.<\/li><li>Rotina de acordo com a esta\u00e7\u00e3o do ano com lista de especiarias e ch\u00e1s.<\/li><li>Orienta\u00e7\u00f5es do Dinacharya \u2013 pr\u00e1ticas di\u00e1rias que ir\u00e3o promover energia e sa\u00fade.<\/li><li>Prescri\u00e7\u00e3o de tratamentos e terapias corporais caso seja verificada a necessidade em consulta.<\/li><li>Prescri\u00e7\u00e3o de fitoter\u00e1picos quando (e se) necess\u00e1rio.<\/li><li>Prescri\u00e7\u00e3o de atividades f\u00edsicas individuais e espec\u00edficas para o cliente.<\/li><li>Receitas culin\u00e1rias e material de apoio baseado no plano proposto com enfoque ayurv\u00e9dico.<\/li><li>Todo o tratamento ser\u00e1 enviado por e-mail e tamb\u00e9m impresso,<strong>\u00a0<em>postado 07 dias ap\u00f3s a consulta<\/em><\/strong>\u00a0(online) juntamente com um raspador de l\u00edngua para introdu\u00e7\u00e3o \u00e0s pr\u00e1ticas.<\/li><\/ul>\t\t\t\t\t\t\t\t<\/div>\n\t\t\t\t<\/div>\n\t\t\t\t<div class=\"elementor-element elementor-element-a5a5a87 elementor-widget elementor-widget-heading\" data-id=\"a5a5a87\" data-element_type=\"widget\" data-e-type=\"widget\" data-widget_type=\"heading.default\">\n\t\t\t\t<div class=\"elementor-widget-container\">\n\t\t\t\t\t<h2 class=\"elementor-heading-title elementor-size-default\">Para quem \u00e9 a consulta ayurv\u00e9dica?<\/h2>\t\t\t\t<\/div>\n\t\t\t\t<\/div>\n\t\t\t\t<div class=\"elementor-element elementor-element-c45d31a elementor-widget elementor-widget-text-editor\" data-id=\"c45d31a\" data-element_type=\"widget\" data-e-type=\"widget\" data-widget_type=\"text-editor.default\">\n\t\t\t\t<div class=\"elementor-widget-container\">\n\t\t\t\t\t\t\t\t\t<p><strong>Para todas as pessoas que buscam um estilo de vida mais saud\u00e1vel, mais energia no dia a dia e desejam assumir o controle do seu corpo e de sua sa\u00fade.<\/strong><\/p>\t\t\t\t\t\t\t\t<\/div>\n\t\t\t\t<\/div>\n\t\t\t\t<div class=\"elementor-element elementor-element-15e02cc elementor-widget elementor-widget-heading\" data-id=\"15e02cc\" data-element_type=\"widget\" data-e-type=\"widget\" data-widget_type=\"heading.default\">\n\t\t\t\t<div class=\"elementor-widget-container\">\n\t\t\t\t\t<h2 class=\"elementor-heading-title elementor-size-default\">Como ser\u00e3o as consultas online?<\/h2>\t\t\t\t<\/div>\n\t\t\t\t<\/div>\n\t\t\t\t<div class=\"elementor-element elementor-element-d0f8873 elementor-widget elementor-widget-text-editor\" data-id=\"d0f8873\" data-element_type=\"widget\" data-e-type=\"widget\" data-widget_type=\"text-editor.default\">\n\t\t\t\t<div class=\"elementor-widget-container\">\n\t\t\t\t\t\t\t\t\t<p>As consultas s\u00e3o realizadas pelo Google Meet e \u00e9 importante estar em local calmo e com bom acesso \u00e0 internet.<\/p><p>A necessidade de outra consulta de acompanhamento ser\u00e1 avaliada durante a primeira consulta.<\/p><p>Quando o tratamento necessitar de acompanhamento de outros profissionais da \u00e1rea da sa\u00fade ou ultrapassar a compet\u00eancia do terapeuta, ser\u00e1 realizado o encaminhamento.<\/p><p>Dura\u00e7\u00e3o: 1h30 \u00e0 2h<\/p>\t\t\t\t\t\t\t\t<\/div>\n\t\t\t\t<\/div>\n\t\t\t\t<div class=\"elementor-element elementor-element-c3c0523 elementor-widget elementor-widget-heading\" data-id=\"c3c0523\" data-element_type=\"widget\" data-e-type=\"widget\" data-widget_type=\"heading.default\">\n\t\t\t\t<div class=\"elementor-widget-container\">\n\t\t\t\t\t<h2 class=\"elementor-heading-title elementor-size-default\">Investimento<\/h2>\t\t\t\t<\/div>\n\t\t\t\t<\/div>\n\t\t\t\t<div class=\"elementor-element elementor-element-cebd497 elementor-widget elementor-widget-text-editor\" data-id=\"cebd497\" data-element_type=\"widget\" data-e-type=\"widget\" data-widget_type=\"text-editor.default\">\n\t\t\t\t<div class=\"elementor-widget-container\">\n\t\t\t\t\t\t\t\t\t<p><strong>R$420,00 em at\u00e9 2x para consultas Online.<\/strong><\/p><p><strong>R$630,00 em at\u00e9 2x para consultas Presenciais.<\/strong><\/p>\t\t\t\t\t\t\t\t<\/div>\n\t\t\t\t<\/div>\n\t\t\t\t<div class=\"elementor-element elementor-element-b30fed3 elementor-widget elementor-widget-heading\" data-id=\"b30fed3\" data-element_type=\"widget\" data-e-type=\"widget\" data-widget_type=\"heading.default\">\n\t\t\t\t<div class=\"elementor-widget-container\">\n\t\t\t\t\t<h2 class=\"elementor-heading-title elementor-size-default\">Local de atendimento<\/h2>\t\t\t\t<\/div>\n\t\t\t\t<\/div>\n\t\t\t\t<div class=\"elementor-element elementor-element-d989f63 elementor-widget elementor-widget-text-editor\" data-id=\"d989f63\" data-element_type=\"widget\" data-e-type=\"widget\" data-widget_type=\"text-editor.default\">\n\t\t\t\t<div class=\"elementor-widget-container\">\n\t\t\t\t\t\t\t\t\t<p>Locais de atendimento: online para todo Brasil e presencial na Alameda Santos 211 \u2013 Para\u00edso\/SP (Estacionamento com manobrista e \u00e0 uma quadra do metr\u00f4 Brigadeiro)<\/p><p>Os atendimentos online ou presenciais dever\u00e3o ser agendados com uma semana de anteced\u00eancia.<\/p>\t\t\t\t\t\t\t\t<\/div>\n\t\t\t\t<\/div>\n\t\t\t\t<div class=\"elementor-element elementor-element-6b0843c elementor-align-center elementor-widget elementor-widget-button\" data-id=\"6b0843c\" data-element_type=\"widget\" data-e-type=\"widget\" data-widget_type=\"button.default\">\n\t\t\t\t<div class=\"elementor-widget-container\">\n\t\t\t\t\t\t\t\t\t<div class=\"elementor-button-wrapper\">\n\t\t\t\t\t<a class=\"elementor-button elementor-button-link elementor-size-sm\" href=\"https:\/\/api.whatsapp.com\/send?phone=&#038;text=Oi%2C%20encontrei%20suas%20informa%C3%A7%C3%B5es%20do%20WhatsApp%20no%20seu%20site.\">\n\t\t\t\t\t\t<span class=\"elementor-button-content-wrapper\">\n\t\t\t\t\t\t\t\t\t<span class=\"elementor-button-text\">CONVERSAR NO WHATSAPP<\/span>\n\t\t\t\t\t<\/span>\n\t\t\t\t\t<\/a>\n\t\t\t\t<\/div>\n\t\t\t\t\t\t\t\t<\/div>\n\t\t\t\t<\/div>\n\t\t\t\t\t<\/div>\n\t\t\t\t<\/div>\n\t\t\t\t<\/div>\n\t\t","protected":false},"excerpt":{"rendered":"<p>Consulta Na primeira consulta s\u00e3o realizados: Diagn\u00f3stico ayurv\u00e9dico: identifica\u00e7\u00e3o do Dosha ou elementos em desequil\u00edbrio. Direcionamento ayurv\u00e9dico, personalizado, entregue em no m\u00e1ximo uma semana, por e-mail. Rotina de acordo com a esta\u00e7\u00e3o do ano com lista de especiarias e ch\u00e1s. Orienta\u00e7\u00f5es do Dinacharya \u2013 pr\u00e1ticas di\u00e1rias que ir\u00e3o promover energia e sa\u00fade. Prescri\u00e7\u00e3o de tratamentos [&hellip;]<\/p>\n","protected":false},"author":11,"featured_media":0,"parent":0,"menu_order":0,"comment_status":"closed","ping_status":"closed","template":"","meta":{"site-sidebar-layout":"no-sidebar","site-content-layout":"page-builder","ast-site-content-layout":"full-width-container","site-content-style":"default","site-sidebar-style":"default","ast-global-header-display":"","ast-banner-title-visibility":"","ast-main-header-display":"","ast-hfb-above-header-display":"","ast-hfb-below-header-display":"","ast-hfb-mobile-header-display":"","site-post-title":"disabled","ast-breadcrumbs-content":"","ast-featured-img":"disabled","footer-sml-layout":"","theme-transparent-header-meta":"","adv-header-id-meta":"","stick-header-meta":"","header-above-stick-meta":"","header-main-stick-meta":"","header-below-stick-meta":"","astra-migrate-meta-layouts":"default","ast-page-background-enabled":"default","ast-page-background-meta":{"desktop":{"background-color":"","background-image":"","background-repeat":"repeat","background-position":"center center","background-size":"auto","background-attachment":"scroll","background-type":"","background-media":"","overlay-type":"","overlay-color":"","overlay-opacity":"","overlay-gradient":""},"tablet":{"background-color":"","background-image":"","background-repeat":"repeat","background-position":"center center","background-size":"auto","background-attachment":"scroll","background-type":"","background-media":"","overlay-type":"","overlay-color":"","overlay-opacity":"","overlay-gradient":""},"mobile":{"background-color":"","background-image":"","background-repeat":"repeat","background-position":"center center","background-size":"auto","background-attachment":"scroll","background-type":"","background-media":"","overlay-type":"","overlay-color":"","overlay-opacity":"","overlay-gradient":""}},"ast-content-background-meta":{"desktop":{"background-color":"var(--ast-global-color-5)","background-image":"","background-repeat":"repeat","background-position":"center center","background-size":"auto","background-attachment":"scroll","background-type":"","background-media":"","overlay-type":"","overlay-color":"","overlay-opacity":"","overlay-gradient":""},"tablet":{"background-color":"var(--ast-global-color-5)","background-image":"","background-repeat":"repeat","background-position":"center center","background-size":"auto","background-attachment":"scroll","background-type":"","background-media":"","overlay-type":"","overlay-color":"","overlay-opacity":"","overlay-gradient":""},"mobile":{"background-color":"var(--ast-global-color-5)","background-image":"","background-repeat":"repeat","background-position":"center center","background-size":"auto","background-attachment":"scroll","background-type":"","background-media":"","overlay-type":"","overlay-color":"","overlay-opacity":"","overlay-gradient":""}},"footnotes":""},"class_list":["post-1249","page","type-page","status-publish","hentry"],"_links":{"self":[{"href":"https:\/\/doshasemporio.com.br\/index.php\/wp-json\/wp\/v2\/pages\/1249","targetHints":{"allow":["GET"]}}],"collection":[{"href":"https:\/\/doshasemporio.com.br\/index.php\/wp-json\/wp\/v2\/pages"}],"about":[{"href":"https:\/\/doshasemporio.com.br\/index.php\/wp-json\/wp\/v2\/types\/page"}],"author":[{"embeddable":true,"href":"https:\/\/doshasemporio.com.br\/index.php\/wp-json\/wp\/v2\/users\/11"}],"replies":[{"embeddable":true,"href":"https:\/\/doshasemporio.com.br\/index.php\/wp-json\/wp\/v2\/comments?post=1249"}],"version-history":[{"count":3,"href":"https:\/\/doshasemporio.com.br\/index.php\/wp-json\/wp\/v2\/pages\/1249\/revisions"}],"predecessor-version":[{"id":1253,"href":"https:\/\/doshasemporio.com.br\/index.php\/wp-json\/wp\/v2\/pages\/1249\/revisions\/1253"}],"wp:attachment":[{"href":"https:\/\/doshasemporio.com.br\/index.php\/wp-json\/wp\/v2\/media?parent=1249"}],"curies":[{"name":"wp","href":"https:\/\/api.w.org\/{rel}","templated":true}]}}